{"id":6134,"date":"2016-04-03T03:37:59","date_gmt":"2016-04-03T03:37:59","guid":{"rendered":"https:\/\/www.sackvillesmiles.ca\/dental-implants"},"modified":"2022-04-21T13:34:24","modified_gmt":"2022-04-21T16:34:24","slug":"implants-dentaire","status":"publish","type":"page","link":"https:\/\/www.sackvillesmiles.ca\/fr\/implants-dentaire","title":{"rendered":"Implants dentaire"},"content":{"rendered":"<p><div class=\"fusion-fullwidth fullwidth-box fusion-builder-row-1 nonhundred-percent-fullwidth non-hundred-percent-height-scrolling\" style=\"--awb-border-radius-top-left:0px;--awb-border-radius-top-right:0px;--awb-border-radius-bottom-right:0px;--awb-border-radius-bottom-left:0px;--awb-padding-top:20px;--awb-padding-bottom:20px;--awb-flex-wrap:wrap;\" ><div class=\"fusion-builder-row fusion-row\"><div class=\"fusion-layout-column fusion_builder_column fusion-builder-column-0 fusion_builder_column_1_1 1_1 fusion-one-full fusion-column-first fusion-column-last\" style=\"--awb-bg-size:cover;\"><div class=\"fusion-column-wrapper fusion-flex-column-wrapper-legacy\"><div class=\"fusion-title title fusion-title-1 fusion-sep-none fusion-title-text fusion-title-size-one\" style=\"--awb-margin-top-small:0px;--awb-margin-right-small:0px;--awb-margin-bottom-small:20px;--awb-margin-left-small:0px;\"><h1 class=\"fusion-title-heading title-heading-left fusion-responsive-typography-calculated\" style=\"margin:0;--fontSize:38;line-height:1.1;\"><h1 data-fontsize=\"38\" data-lineheight=\"41\">Dentisterie implantaire \u00e0 Sackville, Nouveau-Brunswick<\/h1><\/h1><\/div><div class=\"fusion-text fusion-text-1\"><p>Chez Sackville Smiles, nous offrons des services d\u2019implantologie. Ils comprennent : le remplacement d\u2019une dent unitaire ou de dents multiples ainsi que le traitement selon le concept All-on-4\u00ae. Nous travaillons aussi avec des sp\u00e9cialistes en chirurgie maxillo-faciale et en prosthodontie pour offrir \u00e0 nos patients l\u2019acc\u00e8s \u00e0 ces techniques avanc\u00e9es.<\/p>\n<\/div><div class=\"fusion-text fusion-text-2\"><h3>Que sont les implants dentaires?<\/h3>\n<p>Un implant dentaire est une racine artificielle en titane qui est ins\u00e9r\u00e9e dans l&rsquo;os de la m\u00e2choire afin de remplacer la racine de votre dent naturelle. Les implants dentaires sont con\u00e7us pour remplacer les dents ab\u00eem\u00e9es ou manquantes, avec des dents artificielles qui ressemblent et fonctionnent comme des dents naturelles. Une fois l\u2019implant ins\u00e9r\u00e9, une dent artificielle (couronne ou dentier) est plac\u00e9e sur le pilier de l\u2019implant, ce qui vous donne l\u2019aspect d\u2019une nouvelle dent.<\/p>\n<h3>Qui effectue cette proc\u00e9dure?<\/h3>\n<p>Habituellement, votre dentiste vous dirigera vers un sp\u00e9cialiste, tel qu&rsquo;un chirurgien maxillo-facial ou un parodontiste sp\u00e9cialis\u00e9 dans les implants dentaires. Ici \u00e0 Sackville Smiles, nous avons de l\u2019exp\u00e9rience dans la prestation de ce service \u00e0 nos patients. Nous fournissons tous les aspects de la dentisterie implantaire chirurgicale et restauratrice. Sur le plan chirurgical, nous fournissons \u00e9galement une greffe osseuse pour construire l&rsquo;os afin de recevoir et de manipuler un implant. Nous faisons une greffe de sinus pour compenser la chute des sinus apr\u00e8s des extractions dans la partie post\u00e9rieure sup\u00e9rieure de la bouche. De plus, nous effectuons la greffe de tissus mous pour fournir un meilleur r\u00e9sultat esth\u00e9tique avec l\u2019aspect restauration de la pose de proth\u00e8se dentaire.<\/p>\n<p>Cela peut \u00eatre consid\u00e9r\u00e9 comme un avantage car le patient ne traite qu&rsquo;avec une seule personne pendant toute la proc\u00e9dure. PAS de d\u00e9placements entre cabinets de dentistes, pas de diff\u00e9rences d&rsquo;opinions, car vous avez une personne qui vous suit pas \u00e0 pas tout au long du processus.<\/p>\n<p>Sackville Smiles a le privil\u00e8ge d\u2019offrir ce service.<\/p>\n<h3>Suis-je admissible aux implants dentaires?<\/h3>\n<p>Si vous avez des gencives en bonne sant\u00e9, si vous \u00eates en bonne sant\u00e9 et que vous avez assez d&rsquo;os pour supporter un implant, vous pourriez \u00eatre un candidat admissible.<\/p>\n<\/div><div class=\"fusion-clearfix\"><\/div><\/div><\/div><\/div><\/div><div class=\"fusion-fullwidth fullwidth-box fusion-builder-row-2 nonhundred-percent-fullwidth non-hundred-percent-height-scrolling\" style=\"--awb-border-radius-top-left:0px;--awb-border-radius-top-right:0px;--awb-border-radius-bottom-right:0px;--awb-border-radius-bottom-left:0px;--awb-flex-wrap:wrap;\" ><div class=\"fusion-builder-row fusion-row\"><div class=\"fusion-layout-column fusion_builder_column fusion-builder-column-1 fusion_builder_column_1_1 1_1 fusion-one-full fusion-column-first fusion-column-last\" style=\"--awb-bg-size:cover;\"><div class=\"fusion-column-wrapper fusion-flex-column-wrapper-legacy\"><div class=\"fusion-clearfix\"><\/div><\/div><\/div><div class=\"fusion-layout-column fusion_builder_column fusion-builder-column-2 fusion_builder_column_1_1 1_1 fusion-one-full fusion-column-first fusion-column-last\" style=\"--awb-bg-size:cover;\"><div class=\"fusion-column-wrapper fusion-flex-column-wrapper-legacy\"><div class=\"fusion-text fusion-text-3 fusion-text-no-margin\" style=\"--awb-line-height:2.2;--awb-margin-bottom:15px;\"><h2 style=\"text-align: center;\">Appelez maintenant pour prendre rendez-vous!<\/h2>\n<h2 style=\"text-align: center;\"><a href=\"tel:506-536-3800\">(506) 536-3800<\/a><\/h2>\n<\/div><div class=\"fusion-button-wrapper fusion-aligncenter\"><a class=\"fusion-button button-flat button-medium button-default fusion-button-default button-1 fusion-button-default-span fusion-button-default-type\" target=\"_self\" href=\"https:\/\/www.sackvillesmiles.ca\/online-dental-appointment\"><i class=\"fa-calendar-alt fas awb-button__icon awb-button__icon--default button-icon-left\" aria-hidden=\"true\"><\/i><span class=\"fusion-button-text awb-button__text awb-button__text--default\">Planifiez votre rendez-vous<\/span><\/a><\/div><div class=\"fusion-clearfix\"><\/div><\/div><\/div>\n<\/div><\/div><\/p>\n","protected":false},"excerpt":{"rendered":"","protected":false},"author":4,"featured_media":0,"parent":0,"menu_order":0,"comment_status":"closed","ping_status":"closed","template":"","meta":{"footnotes":""},"class_list":["post-6134","page","type-page","status-publish","hentry"],"yoast_head":"<!-- This site is optimized with the Yoast SEO plugin v27.4 - https:\/\/yoast.com\/product\/yoast-seo-wordpress\/ -->\n<title>Implants dentaire - Sackville Smiles Dental Clinic<\/title>\n<meta name=\"robots\" content=\"index, follow, max-snippet:-1, max-image-preview:large, max-video-preview:-1\" \/>\n<link rel=\"canonical\" href=\"https:\/\/www.sackvillesmiles.ca\/fr\/implants-dentaire\" \/>\n<meta property=\"og:locale\" content=\"fr_FR\" \/>\n<meta property=\"og:type\" content=\"article\" \/>\n<meta property=\"og:title\" content=\"Implants dentaire - Sackville Smiles Dental Clinic\" \/>\n<meta property=\"og:url\" content=\"https:\/\/www.sackvillesmiles.ca\/fr\/implants-dentaire\" \/>\n<meta property=\"og:site_name\" content=\"Sackville Smiles Dental Clinic\" \/>\n<meta property=\"article:modified_time\" content=\"2022-04-21T16:34:24+00:00\" \/>\n<meta name=\"twitter:card\" content=\"summary_large_image\" \/>\n<meta name=\"twitter:label1\" content=\"Dur\u00e9e de lecture estim\u00e9e\" \/>\n\t<meta name=\"twitter:data1\" content=\"3 minutes\" \/>\n<script type=\"application\/ld+json\" class=\"yoast-schema-graph\">{\"@context\":\"https:\\\/\\\/schema.org\",\"@graph\":[{\"@type\":\"WebPage\",\"@id\":\"https:\\\/\\\/www.sackvillesmiles.ca\\\/fr\\\/implants-dentaire\",\"url\":\"https:\\\/\\\/www.sackvillesmiles.ca\\\/fr\\\/implants-dentaire\",\"name\":\"Implants dentaire - Sackville Smiles Dental Clinic\",\"isPartOf\":{\"@id\":\"https:\\\/\\\/www.sackvillesmiles.ca\\\/#website\"},\"datePublished\":\"2016-04-03T03:37:59+00:00\",\"dateModified\":\"2022-04-21T16:34:24+00:00\",\"breadcrumb\":{\"@id\":\"https:\\\/\\\/www.sackvillesmiles.ca\\\/fr\\\/implants-dentaire#breadcrumb\"},\"inLanguage\":\"fr-FR\",\"potentialAction\":[{\"@type\":\"ReadAction\",\"target\":[\"https:\\\/\\\/www.sackvillesmiles.ca\\\/fr\\\/implants-dentaire\"]}]},{\"@type\":\"BreadcrumbList\",\"@id\":\"https:\\\/\\\/www.sackvillesmiles.ca\\\/fr\\\/implants-dentaire#breadcrumb\",\"itemListElement\":[{\"@type\":\"ListItem\",\"position\":1,\"name\":\"Home\",\"item\":\"https:\\\/\\\/www.sackvillesmiles.ca\\\/fr\\\/dentistes-bouctouche-clinique-dentaire-bouctouche\"},{\"@type\":\"ListItem\",\"position\":2,\"name\":\"Implants dentaire\"}]},{\"@type\":\"WebSite\",\"@id\":\"https:\\\/\\\/www.sackvillesmiles.ca\\\/#website\",\"url\":\"https:\\\/\\\/www.sackvillesmiles.ca\\\/\",\"name\":\"Sackville Smiles Dental Clinic\",\"description\":\"\",\"publisher\":{\"@id\":\"https:\\\/\\\/www.sackvillesmiles.ca\\\/#organization\"},\"potentialAction\":[{\"@type\":\"SearchAction\",\"target\":{\"@type\":\"EntryPoint\",\"urlTemplate\":\"https:\\\/\\\/www.sackvillesmiles.ca\\\/?s={search_term_string}\"},\"query-input\":{\"@type\":\"PropertyValueSpecification\",\"valueRequired\":true,\"valueName\":\"search_term_string\"}}],\"inLanguage\":\"fr-FR\"},{\"@type\":\"Organization\",\"@id\":\"https:\\\/\\\/www.sackvillesmiles.ca\\\/#organization\",\"name\":\"Sackville Smiles\",\"url\":\"https:\\\/\\\/www.sackvillesmiles.ca\\\/\",\"logo\":{\"@type\":\"ImageObject\",\"inLanguage\":\"fr-FR\",\"@id\":\"https:\\\/\\\/www.sackvillesmiles.ca\\\/#\\\/schema\\\/logo\\\/image\\\/\",\"url\":\"https:\\\/\\\/www.sackvillesmiles.ca\\\/wp-content\\\/uploads\\\/2018\\\/01\\\/clinique-dentaire-bouctouche.png\",\"contentUrl\":\"https:\\\/\\\/www.sackvillesmiles.ca\\\/wp-content\\\/uploads\\\/2018\\\/01\\\/clinique-dentaire-bouctouche.png\",\"width\":464,\"height\":114,\"caption\":\"Sackville Smiles\"},\"image\":{\"@id\":\"https:\\\/\\\/www.sackvillesmiles.ca\\\/#\\\/schema\\\/logo\\\/image\\\/\"}}]}<\/script>\n<!-- \/ Yoast SEO plugin. -->","yoast_head_json":{"title":"Implants dentaire - Sackville Smiles Dental Clinic","robots":{"index":"index","follow":"follow","max-snippet":"max-snippet:-1","max-image-preview":"max-image-preview:large","max-video-preview":"max-video-preview:-1"},"canonical":"https:\/\/www.sackvillesmiles.ca\/fr\/implants-dentaire","og_locale":"fr_FR","og_type":"article","og_title":"Implants dentaire - Sackville Smiles Dental Clinic","og_url":"https:\/\/www.sackvillesmiles.ca\/fr\/implants-dentaire","og_site_name":"Sackville Smiles Dental Clinic","article_modified_time":"2022-04-21T16:34:24+00:00","twitter_card":"summary_large_image","twitter_misc":{"Dur\u00e9e de lecture estim\u00e9e":"3 minutes"},"schema":{"@context":"https:\/\/schema.org","@graph":[{"@type":"WebPage","@id":"https:\/\/www.sackvillesmiles.ca\/fr\/implants-dentaire","url":"https:\/\/www.sackvillesmiles.ca\/fr\/implants-dentaire","name":"Implants dentaire - Sackville Smiles Dental Clinic","isPartOf":{"@id":"https:\/\/www.sackvillesmiles.ca\/#website"},"datePublished":"2016-04-03T03:37:59+00:00","dateModified":"2022-04-21T16:34:24+00:00","breadcrumb":{"@id":"https:\/\/www.sackvillesmiles.ca\/fr\/implants-dentaire#breadcrumb"},"inLanguage":"fr-FR","potentialAction":[{"@type":"ReadAction","target":["https:\/\/www.sackvillesmiles.ca\/fr\/implants-dentaire"]}]},{"@type":"BreadcrumbList","@id":"https:\/\/www.sackvillesmiles.ca\/fr\/implants-dentaire#breadcrumb","itemListElement":[{"@type":"ListItem","position":1,"name":"Home","item":"https:\/\/www.sackvillesmiles.ca\/fr\/dentistes-bouctouche-clinique-dentaire-bouctouche"},{"@type":"ListItem","position":2,"name":"Implants dentaire"}]},{"@type":"WebSite","@id":"https:\/\/www.sackvillesmiles.ca\/#website","url":"https:\/\/www.sackvillesmiles.ca\/","name":"Sackville Smiles Dental Clinic","description":"","publisher":{"@id":"https:\/\/www.sackvillesmiles.ca\/#organization"},"potentialAction":[{"@type":"SearchAction","target":{"@type":"EntryPoint","urlTemplate":"https:\/\/www.sackvillesmiles.ca\/?s={search_term_string}"},"query-input":{"@type":"PropertyValueSpecification","valueRequired":true,"valueName":"search_term_string"}}],"inLanguage":"fr-FR"},{"@type":"Organization","@id":"https:\/\/www.sackvillesmiles.ca\/#organization","name":"Sackville Smiles","url":"https:\/\/www.sackvillesmiles.ca\/","logo":{"@type":"ImageObject","inLanguage":"fr-FR","@id":"https:\/\/www.sackvillesmiles.ca\/#\/schema\/logo\/image\/","url":"https:\/\/www.sackvillesmiles.ca\/wp-content\/uploads\/2018\/01\/clinique-dentaire-bouctouche.png","contentUrl":"https:\/\/www.sackvillesmiles.ca\/wp-content\/uploads\/2018\/01\/clinique-dentaire-bouctouche.png","width":464,"height":114,"caption":"Sackville Smiles"},"image":{"@id":"https:\/\/www.sackvillesmiles.ca\/#\/schema\/logo\/image\/"}}]}},"_links":{"self":[{"href":"https:\/\/www.sackvillesmiles.ca\/fr\/wp-json\/wp\/v2\/pages\/6134","targetHints":{"allow":["GET"]}}],"collection":[{"href":"https:\/\/www.sackvillesmiles.ca\/fr\/wp-json\/wp\/v2\/pages"}],"about":[{"href":"https:\/\/www.sackvillesmiles.ca\/fr\/wp-json\/wp\/v2\/types\/page"}],"author":[{"embeddable":true,"href":"https:\/\/www.sackvillesmiles.ca\/fr\/wp-json\/wp\/v2\/users\/4"}],"replies":[{"embeddable":true,"href":"https:\/\/www.sackvillesmiles.ca\/fr\/wp-json\/wp\/v2\/comments?post=6134"}],"version-history":[{"count":5,"href":"https:\/\/www.sackvillesmiles.ca\/fr\/wp-json\/wp\/v2\/pages\/6134\/revisions"}],"predecessor-version":[{"id":9358,"href":"https:\/\/www.sackvillesmiles.ca\/fr\/wp-json\/wp\/v2\/pages\/6134\/revisions\/9358"}],"wp:attachment":[{"href":"https:\/\/www.sackvillesmiles.ca\/fr\/wp-json\/wp\/v2\/media?parent=6134"}],"curies":[{"name":"wp","href":"https:\/\/api.w.org\/{rel}","templated":true}]}}