{"id":6133,"date":"2016-03-25T23:23:27","date_gmt":"2016-03-25T23:23:27","guid":{"rendered":"https:\/\/www.sackvillesmiles.ca\/cosmetic-restorative-dentistry"},"modified":"2019-02-07T12:14:33","modified_gmt":"2019-02-07T16:14:33","slug":"dentisterie-esthetique","status":"publish","type":"page","link":"https:\/\/www.sackvillesmiles.ca\/fr\/dentisterie-esthetique","title":{"rendered":"Dentisterie esth\u00e9tique"},"content":{"rendered":"<p><div class=\"fusion-fullwidth fullwidth-box fusion-builder-row-1 nonhundred-percent-fullwidth non-hundred-percent-height-scrolling\" style=\"--awb-border-radius-top-left:0px;--awb-border-radius-top-right:0px;--awb-border-radius-bottom-right:0px;--awb-border-radius-bottom-left:0px;--awb-padding-top:20px;--awb-padding-bottom:20px;--awb-flex-wrap:wrap;\" ><div class=\"fusion-builder-row fusion-row\"><div class=\"fusion-layout-column fusion_builder_column fusion-builder-column-0 fusion_builder_column_1_1 1_1 fusion-one-full fusion-column-first fusion-column-last\" style=\"--awb-bg-size:cover;\"><div class=\"fusion-column-wrapper fusion-flex-column-wrapper-legacy\"><div class=\"fusion-title title fusion-title-1 fusion-sep-none fusion-title-text fusion-title-size-one\" style=\"--awb-margin-top-small:0px;--awb-margin-right-small:0px;--awb-margin-bottom-small:20px;--awb-margin-left-small:0px;\"><h1 class=\"fusion-title-heading title-heading-left fusion-responsive-typography-calculated\" style=\"margin:0;--fontSize:38;line-height:1.1;\">Dentisterie esth\u00e9tique et restauratrice \u00e0 Sackville, au Nouveau-Brunswick<\/h1><\/div><div class=\"fusion-text fusion-text-1\"><p>Chez Sackville Smiles, nous offrons des services de dentisterie esth\u00e9tique. Ils comprennent : le blanchiment des dents, les facettes, les restaurations en composite, les ponts et couronnes et les incrustations (inlay et onlay).<\/p>\n<\/div><div class=\"fusion-text fusion-text-2\"><h3>Qu&rsquo;est-ce que la dentisterie esth\u00e9tique \/ restauratrice?<\/h3>\n<p>Apr\u00e8s un examen complet et un diagnostic, nous nous effor\u00e7ons de g\u00e9rer les probl\u00e8mes de sant\u00e9 bucco-dentaire en r\u00e9tablissant la fonction buccale et les \u00e9tats esth\u00e9tiques. La structure de la dent peut \u00eatre absente en raison de la carie dentaire, \u00e0 la suite de la d\u00e9t\u00e9rioration d&rsquo;une restauration ant\u00e9rieure ou d&rsquo;une fracture.<\/p>\n<h3>Quelles sont les options offertes aux patients?<\/h3>\n<p>Chez Sackville Smiles, nous offrons tous les aspects des restaurations. Pour des exemples:<\/p>\n<ul>\n<li>\n<h4>Remplissages<\/h4>\n<p>Les obturations composites en plastique dor\u00e9, argent\u00e9 ou blanc sont toutes des options pour traiter la carie dentaire.<\/p>\n<\/li>\n<li>\n<h4>Couronnes en porcelaine pleine (restauratrice)<\/h4>\n<p>Lorsqu&rsquo;une dent est endommag\u00e9e mais pas perdue, une couronne peut \u00eatre utilis\u00e9e pour restaurer son apparence, sa forme, sa force et sa taille afin de r\u00e9pondre aux besoins sp\u00e9cifiques. \u00c9galement appel\u00e9e \u00abcapuchon\u00bb, la couronne aidera \u00e0 prot\u00e9ger la dent \u00e0 l\u2019avance tout en agissant comme votre dent naturelle.<\/p>\n<\/li>\n<li>\n<h4>Facettes (cosm\u00e9tiques)<\/h4>\n<p>Les facettes dentaires sont des coquilles minces, fabriqu\u00e9es sur mesure, en mat\u00e9riau recouvert de dent, plac\u00e9es sur la surface avant de la dent afin d&rsquo;am\u00e9liorer son apparence, sa taille, sa couleur, sa forme.<\/p>\n<\/li>\n<li>\n<h4>Inlays &amp; amp; Onlays (restauration)<\/h4>\n<p>Les inlays en porcelaine sont une alternative solide, durable et esth\u00e9tique aux garnitures blanches. En raison de la r\u00e9sistance du mat\u00e9riau, elles sont g\u00e9n\u00e9ralement id\u00e9ales pour les dents du dos. Contrairement aux couronnes, les inlays ou les onlays ne n\u00e9cessitent pas beaucoup de temps de pr\u00e9paration et la plupart des dents naturelles sont intactes.<\/p>\n<\/li>\n<li>\n<h4>Ponts (cosm\u00e9tiques)<\/h4>\n<p>Si vous manquez une ou plusieurs dents, vous remarquerez peut-\u00eatre une diff\u00e9rence entre m\u00e2cher et parler. Un pont dentaire de bonne qualit\u00e9 peut constituer une solution int\u00e9ressante. Non seulement cela aidera-t-il \u00e0 obtenir ce sourire, mais aussi \u00e0 pr\u00e9venir le d\u00e9veloppement de probl\u00e8mes graves avec une dent perdue. Le bridge peut aider \u00e0 emp\u00eacher vos dents de bouger et \u00e0 vous aider \u00e0 maintenir une fonction saine de la m\u00e2choire.<\/p>\n<\/li>\n<\/ul>\n<\/div><div class=\"fusion-clearfix\"><\/div><\/div><\/div><\/div><\/div><div class=\"fusion-fullwidth fullwidth-box fusion-builder-row-2 nonhundred-percent-fullwidth non-hundred-percent-height-scrolling\" style=\"--awb-border-radius-top-left:0px;--awb-border-radius-top-right:0px;--awb-border-radius-bottom-right:0px;--awb-border-radius-bottom-left:0px;--awb-flex-wrap:wrap;\" ><div class=\"fusion-builder-row fusion-row\"><div class=\"fusion-layout-column fusion_builder_column fusion-builder-column-1 fusion_builder_column_1_1 1_1 fusion-one-full fusion-column-first fusion-column-last\" style=\"--awb-bg-size:cover;\"><div class=\"fusion-column-wrapper fusion-flex-column-wrapper-legacy\"><div class=\"fusion-clearfix\"><\/div><\/div><\/div><div class=\"fusion-layout-column fusion_builder_column fusion-builder-column-2 fusion_builder_column_1_1 1_1 fusion-one-full fusion-column-first fusion-column-last\" style=\"--awb-bg-size:cover;\"><div class=\"fusion-column-wrapper fusion-flex-column-wrapper-legacy\"><div class=\"fusion-text fusion-text-3 fusion-text-no-margin\" style=\"--awb-line-height:2.2;--awb-margin-bottom:15px;\"><h2 style=\"text-align: center;\">Appelez maintenant pour prendre rendez-vous!<\/h2>\n<h2 style=\"text-align: center;\"><a href=\"tel:506-536-3800\">(506) 536-3800<\/a><\/h2>\n<\/div><div class=\"fusion-button-wrapper fusion-aligncenter\"><a class=\"fusion-button button-flat button-medium button-default fusion-button-default button-1 fusion-button-default-span fusion-button-default-type\" target=\"_self\" href=\"https:\/\/www.sackvillesmiles.ca\/online-dental-appointment\"><i class=\"fa-calendar-alt fas awb-button__icon awb-button__icon--default button-icon-left\" aria-hidden=\"true\"><\/i><span class=\"fusion-button-text awb-button__text awb-button__text--default\">Planifiez votre rendez-vous<\/span><\/a><\/div><div class=\"fusion-clearfix\"><\/div><\/div><\/div>\n<\/div><\/div><\/p>\n","protected":false},"excerpt":{"rendered":"","protected":false},"author":4,"featured_media":0,"parent":0,"menu_order":0,"comment_status":"closed","ping_status":"closed","template":"","meta":{"footnotes":""},"class_list":["post-6133","page","type-page","status-publish","hentry"],"yoast_head":"<!-- This site is optimized with the Yoast SEO plugin v27.5 - https:\/\/yoast.com\/product\/yoast-seo-wordpress\/ -->\n<title>Dentisterie esth\u00e9tique - Sackville Smiles Dental Clinic<\/title>\n<meta name=\"robots\" content=\"index, follow, max-snippet:-1, max-image-preview:large, max-video-preview:-1\" \/>\n<link rel=\"canonical\" href=\"https:\/\/www.sackvillesmiles.ca\/fr\/dentisterie-esthetique\" \/>\n<meta property=\"og:locale\" content=\"fr_FR\" \/>\n<meta property=\"og:type\" content=\"article\" \/>\n<meta property=\"og:title\" content=\"Dentisterie esth\u00e9tique - Sackville Smiles Dental Clinic\" \/>\n<meta property=\"og:url\" content=\"https:\/\/www.sackvillesmiles.ca\/fr\/dentisterie-esthetique\" \/>\n<meta property=\"og:site_name\" content=\"Sackville Smiles Dental Clinic\" \/>\n<meta property=\"article:modified_time\" content=\"2019-02-07T16:14:33+00:00\" \/>\n<meta name=\"twitter:card\" content=\"summary_large_image\" \/>\n<meta name=\"twitter:label1\" content=\"Dur\u00e9e de lecture estim\u00e9e\" \/>\n\t<meta name=\"twitter:data1\" content=\"4 minutes\" \/>\n<script type=\"application\/ld+json\" class=\"yoast-schema-graph\">{\"@context\":\"https:\\\/\\\/schema.org\",\"@graph\":[{\"@type\":\"WebPage\",\"@id\":\"https:\\\/\\\/www.sackvillesmiles.ca\\\/fr\\\/dentisterie-esthetique\",\"url\":\"https:\\\/\\\/www.sackvillesmiles.ca\\\/fr\\\/dentisterie-esthetique\",\"name\":\"Dentisterie esth\u00e9tique - Sackville Smiles Dental Clinic\",\"isPartOf\":{\"@id\":\"https:\\\/\\\/www.sackvillesmiles.ca\\\/#website\"},\"datePublished\":\"2016-03-25T23:23:27+00:00\",\"dateModified\":\"2019-02-07T16:14:33+00:00\",\"breadcrumb\":{\"@id\":\"https:\\\/\\\/www.sackvillesmiles.ca\\\/fr\\\/dentisterie-esthetique#breadcrumb\"},\"inLanguage\":\"fr-FR\",\"potentialAction\":[{\"@type\":\"ReadAction\",\"target\":[\"https:\\\/\\\/www.sackvillesmiles.ca\\\/fr\\\/dentisterie-esthetique\"]}]},{\"@type\":\"BreadcrumbList\",\"@id\":\"https:\\\/\\\/www.sackvillesmiles.ca\\\/fr\\\/dentisterie-esthetique#breadcrumb\",\"itemListElement\":[{\"@type\":\"ListItem\",\"position\":1,\"name\":\"Home\",\"item\":\"https:\\\/\\\/www.sackvillesmiles.ca\\\/fr\\\/dentistes-bouctouche-clinique-dentaire-bouctouche\"},{\"@type\":\"ListItem\",\"position\":2,\"name\":\"Dentisterie esth\u00e9tique\"}]},{\"@type\":\"WebSite\",\"@id\":\"https:\\\/\\\/www.sackvillesmiles.ca\\\/#website\",\"url\":\"https:\\\/\\\/www.sackvillesmiles.ca\\\/\",\"name\":\"Sackville Smiles Dental Clinic\",\"description\":\"\",\"publisher\":{\"@id\":\"https:\\\/\\\/www.sackvillesmiles.ca\\\/#organization\"},\"potentialAction\":[{\"@type\":\"SearchAction\",\"target\":{\"@type\":\"EntryPoint\",\"urlTemplate\":\"https:\\\/\\\/www.sackvillesmiles.ca\\\/?s={search_term_string}\"},\"query-input\":{\"@type\":\"PropertyValueSpecification\",\"valueRequired\":true,\"valueName\":\"search_term_string\"}}],\"inLanguage\":\"fr-FR\"},{\"@type\":\"Organization\",\"@id\":\"https:\\\/\\\/www.sackvillesmiles.ca\\\/#organization\",\"name\":\"Sackville Smiles\",\"url\":\"https:\\\/\\\/www.sackvillesmiles.ca\\\/\",\"logo\":{\"@type\":\"ImageObject\",\"inLanguage\":\"fr-FR\",\"@id\":\"https:\\\/\\\/www.sackvillesmiles.ca\\\/#\\\/schema\\\/logo\\\/image\\\/\",\"url\":\"https:\\\/\\\/www.sackvillesmiles.ca\\\/wp-content\\\/uploads\\\/2018\\\/01\\\/clinique-dentaire-bouctouche.png\",\"contentUrl\":\"https:\\\/\\\/www.sackvillesmiles.ca\\\/wp-content\\\/uploads\\\/2018\\\/01\\\/clinique-dentaire-bouctouche.png\",\"width\":464,\"height\":114,\"caption\":\"Sackville Smiles\"},\"image\":{\"@id\":\"https:\\\/\\\/www.sackvillesmiles.ca\\\/#\\\/schema\\\/logo\\\/image\\\/\"}}]}<\/script>\n<!-- \/ Yoast SEO plugin. -->","yoast_head_json":{"title":"Dentisterie esth\u00e9tique - Sackville Smiles Dental Clinic","robots":{"index":"index","follow":"follow","max-snippet":"max-snippet:-1","max-image-preview":"max-image-preview:large","max-video-preview":"max-video-preview:-1"},"canonical":"https:\/\/www.sackvillesmiles.ca\/fr\/dentisterie-esthetique","og_locale":"fr_FR","og_type":"article","og_title":"Dentisterie esth\u00e9tique - Sackville Smiles Dental Clinic","og_url":"https:\/\/www.sackvillesmiles.ca\/fr\/dentisterie-esthetique","og_site_name":"Sackville Smiles Dental Clinic","article_modified_time":"2019-02-07T16:14:33+00:00","twitter_card":"summary_large_image","twitter_misc":{"Dur\u00e9e de lecture estim\u00e9e":"4 minutes"},"schema":{"@context":"https:\/\/schema.org","@graph":[{"@type":"WebPage","@id":"https:\/\/www.sackvillesmiles.ca\/fr\/dentisterie-esthetique","url":"https:\/\/www.sackvillesmiles.ca\/fr\/dentisterie-esthetique","name":"Dentisterie esth\u00e9tique - Sackville Smiles Dental Clinic","isPartOf":{"@id":"https:\/\/www.sackvillesmiles.ca\/#website"},"datePublished":"2016-03-25T23:23:27+00:00","dateModified":"2019-02-07T16:14:33+00:00","breadcrumb":{"@id":"https:\/\/www.sackvillesmiles.ca\/fr\/dentisterie-esthetique#breadcrumb"},"inLanguage":"fr-FR","potentialAction":[{"@type":"ReadAction","target":["https:\/\/www.sackvillesmiles.ca\/fr\/dentisterie-esthetique"]}]},{"@type":"BreadcrumbList","@id":"https:\/\/www.sackvillesmiles.ca\/fr\/dentisterie-esthetique#breadcrumb","itemListElement":[{"@type":"ListItem","position":1,"name":"Home","item":"https:\/\/www.sackvillesmiles.ca\/fr\/dentistes-bouctouche-clinique-dentaire-bouctouche"},{"@type":"ListItem","position":2,"name":"Dentisterie esth\u00e9tique"}]},{"@type":"WebSite","@id":"https:\/\/www.sackvillesmiles.ca\/#website","url":"https:\/\/www.sackvillesmiles.ca\/","name":"Sackville Smiles Dental Clinic","description":"","publisher":{"@id":"https:\/\/www.sackvillesmiles.ca\/#organization"},"potentialAction":[{"@type":"SearchAction","target":{"@type":"EntryPoint","urlTemplate":"https:\/\/www.sackvillesmiles.ca\/?s={search_term_string}"},"query-input":{"@type":"PropertyValueSpecification","valueRequired":true,"valueName":"search_term_string"}}],"inLanguage":"fr-FR"},{"@type":"Organization","@id":"https:\/\/www.sackvillesmiles.ca\/#organization","name":"Sackville Smiles","url":"https:\/\/www.sackvillesmiles.ca\/","logo":{"@type":"ImageObject","inLanguage":"fr-FR","@id":"https:\/\/www.sackvillesmiles.ca\/#\/schema\/logo\/image\/","url":"https:\/\/www.sackvillesmiles.ca\/wp-content\/uploads\/2018\/01\/clinique-dentaire-bouctouche.png","contentUrl":"https:\/\/www.sackvillesmiles.ca\/wp-content\/uploads\/2018\/01\/clinique-dentaire-bouctouche.png","width":464,"height":114,"caption":"Sackville Smiles"},"image":{"@id":"https:\/\/www.sackvillesmiles.ca\/#\/schema\/logo\/image\/"}}]}},"_links":{"self":[{"href":"https:\/\/www.sackvillesmiles.ca\/fr\/wp-json\/wp\/v2\/pages\/6133","targetHints":{"allow":["GET"]}}],"collection":[{"href":"https:\/\/www.sackvillesmiles.ca\/fr\/wp-json\/wp\/v2\/pages"}],"about":[{"href":"https:\/\/www.sackvillesmiles.ca\/fr\/wp-json\/wp\/v2\/types\/page"}],"author":[{"embeddable":true,"href":"https:\/\/www.sackvillesmiles.ca\/fr\/wp-json\/wp\/v2\/users\/4"}],"replies":[{"embeddable":true,"href":"https:\/\/www.sackvillesmiles.ca\/fr\/wp-json\/wp\/v2\/comments?post=6133"}],"version-history":[{"count":5,"href":"https:\/\/www.sackvillesmiles.ca\/fr\/wp-json\/wp\/v2\/pages\/6133\/revisions"}],"predecessor-version":[{"id":6173,"href":"https:\/\/www.sackvillesmiles.ca\/fr\/wp-json\/wp\/v2\/pages\/6133\/revisions\/6173"}],"wp:attachment":[{"href":"https:\/\/www.sackvillesmiles.ca\/fr\/wp-json\/wp\/v2\/media?parent=6133"}],"curies":[{"name":"wp","href":"https:\/\/api.w.org\/{rel}","templated":true}]}}