{"id":2478,"date":"2016-03-30T01:33:40","date_gmt":"2016-03-30T01:33:40","guid":{"rendered":"https:\/\/www.smilesdentaldocs.ca\/emergency-dentist-moncton"},"modified":"2022-04-21T13:41:59","modified_gmt":"2022-04-21T16:41:59","slug":"emergency-dentist-sackville","status":"publish","type":"page","link":"https:\/\/www.sackvillesmiles.ca\/fr\/emergency-dentist-sackville","title":{"rendered":"Urgence Dentaire"},"content":{"rendered":"<p><div class=\"fusion-fullwidth fullwidth-box fusion-builder-row-1 nonhundred-percent-fullwidth non-hundred-percent-height-scrolling\" style=\"--awb-border-radius-top-left:0px;--awb-border-radius-top-right:0px;--awb-border-radius-bottom-right:0px;--awb-border-radius-bottom-left:0px;--awb-flex-wrap:wrap;\" ><div class=\"fusion-builder-row fusion-row\"><div class=\"fusion-layout-column fusion_builder_column fusion-builder-column-0 fusion_builder_column_1_3 1_3 fusion-one-third fusion-column-first\" style=\"--awb-bg-size:cover;width:33.333333333333%;width:calc(33.333333333333% - ( ( 4% ) * 0.33333333333333 ) );margin-right: 4%;\"><div class=\"fusion-column-wrapper fusion-flex-column-wrapper-legacy\"><div class=\"fusion-clearfix\"><\/div><\/div><\/div><div class=\"fusion-layout-column fusion_builder_column fusion-builder-column-1 fusion_builder_column_2_3 2_3 fusion-two-third fusion-column-last\" style=\"--awb-bg-size:cover;width:66.666666666667%;width:calc(66.666666666667% - ( ( 4% ) * 0.66666666666667 ) );\"><div class=\"fusion-column-wrapper fusion-flex-column-wrapper-legacy\"><div class=\"fusion-text fusion-text-1\"><h2 id=\"tw-target-text\" class=\"tw-data-text tw-ta tw-text-small\" dir=\"ltr\" data-placeholder=\"Translation\"><span lang=\"fr\" tabindex=\"0\">Soins dentaires d&rsquo;urgence offerts par nos dentistes de Sackville, NB<\/span><\/h2>\n<\/div><div class=\"fusion-text fusion-text-2\"><p>Nous savons que les accidents dentaires peuvent arriver et savoir quoi faire en cas d\u2019accident peut faire la diff\u00e9rence entre sauver une dent ou la perdre.<\/p>\n<p>Si vous ou un membre de votre famille avez un s\u00e9rieux probl\u00e8me dentaire, n\u2019h\u00e9sitez pas \u00e0 nous appeler. Nous pourrons vous aider dans votre situation particuli\u00e8re.<\/p>\n<p>Les urgences dentaires qui arrivent le plus fr\u00e9quemment sont:<\/p>\n<ul>\n<li>la perte d\u2019une dent;<\/li>\n<li>un mal de dents;<\/li>\n<li>une dent \u00e9br\u00e9ch\u00e9e ou cass\u00e9e;<\/li>\n<li>la fracture possible d\u2019une m\u00e2choire;<\/li>\n<li>le gonflement ou le saignement des gencives;<\/li>\n<li>une morsure de la langue ou des l\u00e8vres;<\/li>\n<li>la perte ou la fracture d\u2019une restauration.<\/li>\n<\/ul>\n<\/div><div class=\"fusion-text fusion-text-3\"><h3 data-fontsize=\"30\" data-lineheight=\"33\">Quoi faire en cas d\u2019urgence dentaire?<\/h3>\n<p>Voici quelques consignes \u00e0 suivre en cas d\u2019urgence dentaire :<\/p>\n<h4 data-fontsize=\"30\" data-lineheight=\"33\">Mal de dents<\/h4>\n<p>Voir un dentiste d\u00e8s que vous ressentez un inconfort ou une douleur.<\/p>\n<h4 data-fontsize=\"30\" data-lineheight=\"33\">Dent cass\u00e9e, \u00e9br\u00e9ch\u00e9e ou fissur\u00e9e<\/h4>\n<p>Rincer la bouche \u00e0 l\u2019eau ti\u00e8de et appliquer une compresse froide sur votre visage d\u00e8s que possible. Si la dent est cass\u00e9e ou \u00e9br\u00e9ch\u00e9e, apporter le fragment de dent \u00e0 la clinique. L\u2019envelopper dans une serviette humide ou dans des tampons de gaze.<strong>\u00a0<\/strong><\/p>\n<h4 data-fontsize=\"30\" data-lineheight=\"33\">Dent mobile ou perte d\u2019une dent<\/h4>\n<p>Si votre dent devient mobile suite \u00e0 un traumatisme, appeler la clinique tout de suite. Si vous avez perdu une dent, l\u2019ins\u00e9rer d\u00e9licatement dans l\u2019alv\u00e9ole si possible. Il faut tenir la dent par la couronne \u00e0 l\u2019aide d\u2019un gant propre. Si la dent est sale, rincer d\u2019abord la racine, sans la frotter ni supprimer les tissus attach\u00e9s. S\u2019il n\u2019est pas possible de r\u00e9ins\u00e9rer la dent, la mettre sous la langue et se rendre tout de suite chez le dentiste.<\/p>\n<h4 data-fontsize=\"30\" data-lineheight=\"33\">M\u00e2choire cass\u00e9e<\/h4>\n<p>Appliquer de la glace ou une compresse froide sur le visage. Se rendre tout de suite chez le dentiste ou \u00e0 l\u2019h\u00f4pital.<\/p>\n<h4 data-fontsize=\"30\" data-lineheight=\"33\">Morsure de la langue ou des l\u00e8vres<\/h4>\n<p>Nettoyer la r\u00e9gion avec un chiffon humide et y placer une compresse froide afin de r\u00e9duire l\u2019enflure. Si le saignement continue ou devient excessif, se rendre chez le dentiste.<\/p>\n<\/div><div class=\"fusion-clearfix\"><\/div><\/div><\/div><\/div><\/div><div class=\"fusion-fullwidth fullwidth-box fusion-builder-row-2 nonhundred-percent-fullwidth non-hundred-percent-height-scrolling\" style=\"--awb-border-radius-top-left:0px;--awb-border-radius-top-right:0px;--awb-border-radius-bottom-right:0px;--awb-border-radius-bottom-left:0px;--awb-flex-wrap:wrap;\" ><div class=\"fusion-builder-row fusion-row\"><div class=\"fusion-layout-column fusion_builder_column fusion-builder-column-2 fusion_builder_column_1_3 1_3 fusion-one-third fusion-column-first\" style=\"--awb-bg-size:cover;width:33.333333333333%;width:calc(33.333333333333% - ( ( 4% ) * 0.33333333333333 ) );margin-right: 4%;\"><div class=\"fusion-column-wrapper fusion-flex-column-wrapper-legacy\"><div class=\"fusion-clearfix\"><\/div><\/div><\/div><div class=\"fusion-layout-column fusion_builder_column fusion-builder-column-3 fusion_builder_column_2_3 2_3 fusion-two-third fusion-column-last\" style=\"--awb-bg-size:cover;width:66.666666666667%;width:calc(66.666666666667% - ( ( 4% ) * 0.66666666666667 ) );\"><div class=\"fusion-column-wrapper fusion-flex-column-wrapper-legacy\"><div class=\"fusion-text fusion-text-4\"><h2 style=\"text-align: center;\" data-fontsize=\"30\" data-lineheight=\"33\">Pour prendre un rendez-vous :<\/h2>\n<h3 style=\"text-align: center;\">Dr. Vidya Cuddalore Arivudainambi \u00a0<strong><a href=\"tel:(506) 536-3800\">(506) 536-3800<\/a><\/strong><\/h3>\n<p style=\"text-align: center;\">Nous ferons tout notre possible pour vous r\u00e9server le plus rapidement possible.<\/p>\n<\/div><div class=\"fusion-aligncenter\"><a class=\"fusion-button button-flat button-medium button-default fusion-button-default button-1 fusion-button-default-span fusion-button-default-type\" target=\"_self\" href=\"https:\/\/www.sackvillesmiles.ca\/fr\/rendez-vous\"><i class=\" fa fa-calendar awb-button__icon awb-button__icon--default button-icon-left\" aria-hidden=\"true\"><\/i><span class=\"fusion-button-text awb-button__text awb-button__text--default\">Planifiez votre rendez-vous<\/span><\/a><\/div><div class=\"fusion-clearfix\"><\/div><\/div><\/div><\/div><\/div><\/p>\n","protected":false},"excerpt":{"rendered":"","protected":false},"author":4,"featured_media":0,"parent":0,"menu_order":0,"comment_status":"closed","ping_status":"closed","template":"100-width.php","meta":{"footnotes":""},"class_list":["post-2478","page","type-page","status-publish","hentry"],"yoast_head":"<!-- This site is optimized with the Yoast SEO plugin v27.1.1 - https:\/\/yoast.com\/product\/yoast-seo-wordpress\/ -->\n<title>Sackville Emergency Dentist - Sackville Smiles Dental<\/title>\n<meta name=\"description\" content=\"For dental emergencies contact our Sackville clinic and we will book you as quickly as possible. Dr. Lary Trites \u2013 506-536-3800\" \/>\n<meta name=\"robots\" content=\"index, follow, max-snippet:-1, max-image-preview:large, max-video-preview:-1\" \/>\n<link rel=\"canonical\" href=\"https:\/\/www.sackvillesmiles.ca\/fr\/emergency-dentist-sackville\" \/>\n<meta property=\"og:locale\" content=\"fr_FR\" \/>\n<meta property=\"og:type\" content=\"article\" \/>\n<meta property=\"og:title\" content=\"Sackville Emergency Dentist - Sackville Smiles Dental\" \/>\n<meta property=\"og:description\" content=\"For dental emergencies contact our Sackville clinic and we will book you as quickly as possible. Dr. Lary Trites \u2013 506-536-3800\" \/>\n<meta property=\"og:url\" content=\"https:\/\/www.sackvillesmiles.ca\/fr\/emergency-dentist-sackville\" \/>\n<meta property=\"og:site_name\" content=\"Sackville Smiles Dental Clinic\" \/>\n<meta property=\"article:modified_time\" content=\"2022-04-21T16:41:59+00:00\" \/>\n<meta name=\"twitter:card\" content=\"summary_large_image\" \/>\n<meta name=\"twitter:label1\" content=\"Dur\u00e9e de lecture estim\u00e9e\" \/>\n\t<meta name=\"twitter:data1\" content=\"3 minutes\" \/>\n<script type=\"application\/ld+json\" class=\"yoast-schema-graph\">{\"@context\":\"https:\/\/schema.org\",\"@graph\":[{\"@type\":\"WebPage\",\"@id\":\"https:\/\/www.sackvillesmiles.ca\/fr\/emergency-dentist-sackville\",\"url\":\"https:\/\/www.sackvillesmiles.ca\/fr\/emergency-dentist-sackville\",\"name\":\"Sackville Emergency Dentist - Sackville Smiles Dental\",\"isPartOf\":{\"@id\":\"https:\/\/www.sackvillesmiles.ca\/#website\"},\"datePublished\":\"2016-03-30T01:33:40+00:00\",\"dateModified\":\"2022-04-21T16:41:59+00:00\",\"description\":\"For dental emergencies contact our Sackville clinic and we will book you as quickly as possible. Dr. Lary Trites \u2013 506-536-3800\",\"breadcrumb\":{\"@id\":\"https:\/\/www.sackvillesmiles.ca\/fr\/emergency-dentist-sackville#breadcrumb\"},\"inLanguage\":\"fr-FR\",\"potentialAction\":[{\"@type\":\"ReadAction\",\"target\":[\"https:\/\/www.sackvillesmiles.ca\/fr\/emergency-dentist-sackville\"]}]},{\"@type\":\"BreadcrumbList\",\"@id\":\"https:\/\/www.sackvillesmiles.ca\/fr\/emergency-dentist-sackville#breadcrumb\",\"itemListElement\":[{\"@type\":\"ListItem\",\"position\":1,\"name\":\"Home\",\"item\":\"https:\/\/www.sackvillesmiles.ca\/fr\/dentistes-bouctouche-clinique-dentaire-bouctouche\"},{\"@type\":\"ListItem\",\"position\":2,\"name\":\"Urgence Dentaire\"}]},{\"@type\":\"WebSite\",\"@id\":\"https:\/\/www.sackvillesmiles.ca\/#website\",\"url\":\"https:\/\/www.sackvillesmiles.ca\/\",\"name\":\"Sackville Smiles Dental Clinic\",\"description\":\"\",\"publisher\":{\"@id\":\"https:\/\/www.sackvillesmiles.ca\/#organization\"},\"potentialAction\":[{\"@type\":\"SearchAction\",\"target\":{\"@type\":\"EntryPoint\",\"urlTemplate\":\"https:\/\/www.sackvillesmiles.ca\/?s={search_term_string}\"},\"query-input\":{\"@type\":\"PropertyValueSpecification\",\"valueRequired\":true,\"valueName\":\"search_term_string\"}}],\"inLanguage\":\"fr-FR\"},{\"@type\":\"Organization\",\"@id\":\"https:\/\/www.sackvillesmiles.ca\/#organization\",\"name\":\"Sackville Smiles\",\"url\":\"https:\/\/www.sackvillesmiles.ca\/\",\"logo\":{\"@type\":\"ImageObject\",\"inLanguage\":\"fr-FR\",\"@id\":\"https:\/\/www.sackvillesmiles.ca\/#\/schema\/logo\/image\/\",\"url\":\"https:\/\/www.sackvillesmiles.ca\/wp-content\/uploads\/2018\/01\/clinique-dentaire-bouctouche.png\",\"contentUrl\":\"https:\/\/www.sackvillesmiles.ca\/wp-content\/uploads\/2018\/01\/clinique-dentaire-bouctouche.png\",\"width\":464,\"height\":114,\"caption\":\"Sackville Smiles\"},\"image\":{\"@id\":\"https:\/\/www.sackvillesmiles.ca\/#\/schema\/logo\/image\/\"}}]}<\/script>\n<!-- \/ Yoast SEO plugin. -->","yoast_head_json":{"title":"Sackville Emergency Dentist - Sackville Smiles Dental","description":"For dental emergencies contact our Sackville clinic and we will book you as quickly as possible. Dr. Lary Trites \u2013 506-536-3800","robots":{"index":"index","follow":"follow","max-snippet":"max-snippet:-1","max-image-preview":"max-image-preview:large","max-video-preview":"max-video-preview:-1"},"canonical":"https:\/\/www.sackvillesmiles.ca\/fr\/emergency-dentist-sackville","og_locale":"fr_FR","og_type":"article","og_title":"Sackville Emergency Dentist - Sackville Smiles Dental","og_description":"For dental emergencies contact our Sackville clinic and we will book you as quickly as possible. Dr. Lary Trites \u2013 506-536-3800","og_url":"https:\/\/www.sackvillesmiles.ca\/fr\/emergency-dentist-sackville","og_site_name":"Sackville Smiles Dental Clinic","article_modified_time":"2022-04-21T16:41:59+00:00","twitter_card":"summary_large_image","twitter_misc":{"Dur\u00e9e de lecture estim\u00e9e":"3 minutes"},"schema":{"@context":"https:\/\/schema.org","@graph":[{"@type":"WebPage","@id":"https:\/\/www.sackvillesmiles.ca\/fr\/emergency-dentist-sackville","url":"https:\/\/www.sackvillesmiles.ca\/fr\/emergency-dentist-sackville","name":"Sackville Emergency Dentist - Sackville Smiles Dental","isPartOf":{"@id":"https:\/\/www.sackvillesmiles.ca\/#website"},"datePublished":"2016-03-30T01:33:40+00:00","dateModified":"2022-04-21T16:41:59+00:00","description":"For dental emergencies contact our Sackville clinic and we will book you as quickly as possible. Dr. Lary Trites \u2013 506-536-3800","breadcrumb":{"@id":"https:\/\/www.sackvillesmiles.ca\/fr\/emergency-dentist-sackville#breadcrumb"},"inLanguage":"fr-FR","potentialAction":[{"@type":"ReadAction","target":["https:\/\/www.sackvillesmiles.ca\/fr\/emergency-dentist-sackville"]}]},{"@type":"BreadcrumbList","@id":"https:\/\/www.sackvillesmiles.ca\/fr\/emergency-dentist-sackville#breadcrumb","itemListElement":[{"@type":"ListItem","position":1,"name":"Home","item":"https:\/\/www.sackvillesmiles.ca\/fr\/dentistes-bouctouche-clinique-dentaire-bouctouche"},{"@type":"ListItem","position":2,"name":"Urgence Dentaire"}]},{"@type":"WebSite","@id":"https:\/\/www.sackvillesmiles.ca\/#website","url":"https:\/\/www.sackvillesmiles.ca\/","name":"Sackville Smiles Dental Clinic","description":"","publisher":{"@id":"https:\/\/www.sackvillesmiles.ca\/#organization"},"potentialAction":[{"@type":"SearchAction","target":{"@type":"EntryPoint","urlTemplate":"https:\/\/www.sackvillesmiles.ca\/?s={search_term_string}"},"query-input":{"@type":"PropertyValueSpecification","valueRequired":true,"valueName":"search_term_string"}}],"inLanguage":"fr-FR"},{"@type":"Organization","@id":"https:\/\/www.sackvillesmiles.ca\/#organization","name":"Sackville Smiles","url":"https:\/\/www.sackvillesmiles.ca\/","logo":{"@type":"ImageObject","inLanguage":"fr-FR","@id":"https:\/\/www.sackvillesmiles.ca\/#\/schema\/logo\/image\/","url":"https:\/\/www.sackvillesmiles.ca\/wp-content\/uploads\/2018\/01\/clinique-dentaire-bouctouche.png","contentUrl":"https:\/\/www.sackvillesmiles.ca\/wp-content\/uploads\/2018\/01\/clinique-dentaire-bouctouche.png","width":464,"height":114,"caption":"Sackville Smiles"},"image":{"@id":"https:\/\/www.sackvillesmiles.ca\/#\/schema\/logo\/image\/"}}]}},"_links":{"self":[{"href":"https:\/\/www.sackvillesmiles.ca\/fr\/wp-json\/wp\/v2\/pages\/2478","targetHints":{"allow":["GET"]}}],"collection":[{"href":"https:\/\/www.sackvillesmiles.ca\/fr\/wp-json\/wp\/v2\/pages"}],"about":[{"href":"https:\/\/www.sackvillesmiles.ca\/fr\/wp-json\/wp\/v2\/types\/page"}],"author":[{"embeddable":true,"href":"https:\/\/www.sackvillesmiles.ca\/fr\/wp-json\/wp\/v2\/users\/4"}],"replies":[{"embeddable":true,"href":"https:\/\/www.sackvillesmiles.ca\/fr\/wp-json\/wp\/v2\/comments?post=2478"}],"version-history":[{"count":5,"href":"https:\/\/www.sackvillesmiles.ca\/fr\/wp-json\/wp\/v2\/pages\/2478\/revisions"}],"predecessor-version":[{"id":9359,"href":"https:\/\/www.sackvillesmiles.ca\/fr\/wp-json\/wp\/v2\/pages\/2478\/revisions\/9359"}],"wp:attachment":[{"href":"https:\/\/www.sackvillesmiles.ca\/fr\/wp-json\/wp\/v2\/media?parent=2478"}],"curies":[{"name":"wp","href":"https:\/\/api.w.org\/{rel}","templated":true}]}}