{"id":2469,"date":"2016-04-18T15:51:51","date_gmt":"2016-04-18T15:51:51","guid":{"rendered":"https:\/\/www.smilesdentaldocs.ca\/single-tooth-replacement-dental-implants-moncton"},"modified":"2019-01-28T03:34:07","modified_gmt":"2019-01-28T07:34:07","slug":"remplacement-dune-dent-unitaire","status":"publish","type":"page","link":"https:\/\/www.sackvillesmiles.ca\/fr\/remplacement-dune-dent-unitaire","title":{"rendered":"Remplacement d\u2019une dent unitaire"},"content":{"rendered":"<p><div class=\"fusion-fullwidth fullwidth-box fusion-builder-row-1 nonhundred-percent-fullwidth non-hundred-percent-height-scrolling\" style=\"--awb-border-radius-top-left:0px;--awb-border-radius-top-right:0px;--awb-border-radius-bottom-right:0px;--awb-border-radius-bottom-left:0px;--awb-flex-wrap:wrap;\" ><div class=\"fusion-builder-row fusion-row\"><div class=\"fusion-layout-column fusion_builder_column fusion-builder-column-0 fusion_builder_column_1_1 1_1 fusion-one-full fusion-column-first fusion-column-last\" style=\"--awb-bg-size:cover;\"><div class=\"fusion-column-wrapper fusion-flex-column-wrapper-legacy\"><div class=\"fusion-text fusion-text-1\"><h2>REMPLACEMENT D\u2019UNE DENT UNITAIRE\u00a0(Implant Dentaire)<\/h2>\n<\/div><div class=\"fusion-text fusion-text-2\"><p style=\"text-align: justify;\"><strong>On remplace une dent unique par un pont fixe ou par une couronne sur implant.<\/strong><\/p>\n<h3 style=\"text-align: justify;\">Qu\u2019est-ce qu\u2019un pont fixe?<\/h3>\n<p style=\"text-align: justify;\">Un pont fixe est une option pour remplacer une dent absente. Le dentiste r\u00e9duit deux ou plusieurs dents voisines et cr\u00e9e un espace pour les couronnes des dents proth\u00e9tiques. Lorsqu\u2019on pose un pont sur des dents naturelles, il augmente les forces qu\u2019on peut appliquer sur elles.<\/p>\n<\/div><div class=\"fusion-text fusion-text-3\"><h3>Qu\u2019est-ce qu\u2019un implant dentaire?<\/h3>\n<p style=\"text-align: justify;\">Un implant fonctionne comme la racine artificielle d\u2019une nouvelle dent. Une fois en bouche, il a l\u2019aspect et la fonctionnalit\u00e9 d\u2019une dent naturelle. L\u2019implant lui-m\u00eame est une petite tige de titane ins\u00e9r\u00e9e dans l\u2019os de la m\u00e2choire qui sert \u00e0 remplacer la dent absente. Cet ancrage m\u00e9tallique agit comme un substitut de racine \u00e0 la dent. Quand la tige est mise en place chirurgicalement, l\u2019os s\u2019assimile au titane (par un processus appel\u00e9 \u00ab oss\u00e9o-int\u00e9gration \u00bb). Cela cr\u00e9e un appui solide pour la dent artificielle.<\/p>\n<p style=\"text-align: justify;\">Quand la premi\u00e8re \u00e9tape est termin\u00e9e, un pilier est viss\u00e9 \u00e0 l\u2019implant. Dans la derni\u00e8re \u00e9tape, on pose la couronne d\u00e9finitive sur le pilier. Une couronne sur implants n\u2019est pas sujette aux caries. Mais si l\u2019hygi\u00e8ne dentaire n\u2019est pas soutenue au fil du temps autour de la couronne, le manque d\u2019hygi\u00e8ne pourrait causer des probl\u00e8mes de gencive autour de l\u2019implant et m\u00eame faire perdre du support osseux autour de l\u2019implant<\/p>\n<h3 style=\"text-align: justify;\">Pour remplacer une seule dent, quels sont les avantages d\u2019un implant par rapport \u00e0 un pont?<\/h3>\n<ul>\n<li style=\"text-align: justify;\">L\u2019implant ne cause pas de mouvement et n\u2019h\u00e9site pas d\u2019alt\u00e9ration aux dents voisines.<\/li>\n<li style=\"text-align: justify;\">Il s\u2019int\u00e8gre \u00e0 l\u2019os de la m\u00e2choire afin de le maintenir sain et intact. (Un pont peut causer la d\u00e9t\u00e9rioration de l\u2019os entourant la dent et le r\u00e9sorber.)<\/li>\n<li style=\"text-align: justify;\">\u00c0 long terme, l\u2019implant est plus facile d\u2019entretien comme la couronne ne peut pas cari\u00e9.<\/li>\n<\/ul>\n<\/div><div class=\"fusion-clearfix\"><\/div><\/div><\/div><\/div><\/div><div class=\"fusion-fullwidth fullwidth-box fusion-builder-row-2 nonhundred-percent-fullwidth non-hundred-percent-height-scrolling\" style=\"--awb-border-radius-top-left:0px;--awb-border-radius-top-right:0px;--awb-border-radius-bottom-right:0px;--awb-border-radius-bottom-left:0px;--awb-flex-wrap:wrap;\" ><div class=\"fusion-builder-row fusion-row\"><div class=\"fusion-layout-column fusion_builder_column fusion-builder-column-1 fusion_builder_column_1_1 1_1 fusion-one-full fusion-column-first fusion-column-last\" style=\"--awb-bg-size:cover;\"><div class=\"fusion-column-wrapper fusion-flex-column-wrapper-legacy\"><div class=\"fusion-text fusion-text-4 fusion-text-no-margin\" style=\"--awb-line-height:2.2;--awb-margin-bottom:15px;\"><h2 style=\"text-align: center;\">Appelez maintenant pour prendre rendez-vous!<\/h2>\n<h2 style=\"text-align: center;\"><a href=\"tel:506-536-3800\">(506) 536-3800<\/a><\/h2>\n<\/div><div class=\"fusion-button-wrapper fusion-aligncenter\"><a class=\"fusion-button button-flat button-medium button-default fusion-button-default button-1 fusion-button-default-span fusion-button-default-type\" target=\"_self\" href=\"https:\/\/www.sackvillesmiles.ca\/online-dental-appointment\"><i class=\"fa-calendar-alt fas awb-button__icon awb-button__icon--default button-icon-left\" aria-hidden=\"true\"><\/i><span class=\"fusion-button-text awb-button__text awb-button__text--default\">Planifiez votre rendez-vous<\/span><\/a><\/div><div class=\"fusion-clearfix\"><\/div><\/div><\/div>\n<\/div><\/div><\/p>\n","protected":false},"excerpt":{"rendered":"","protected":false},"author":4,"featured_media":0,"parent":0,"menu_order":0,"comment_status":"closed","ping_status":"closed","template":"","meta":{"footnotes":""},"class_list":["post-2469","page","type-page","status-publish","hentry"],"yoast_head":"<!-- This site is optimized with the Yoast SEO plugin v27.5 - https:\/\/yoast.com\/product\/yoast-seo-wordpress\/ -->\n<title>Remplacement d\u2019une dent unitaire - Sackville Smiles Dental Clinic<\/title>\n<meta name=\"robots\" content=\"index, follow, max-snippet:-1, max-image-preview:large, max-video-preview:-1\" \/>\n<link rel=\"canonical\" href=\"https:\/\/www.sackvillesmiles.ca\/fr\/remplacement-dune-dent-unitaire\" \/>\n<meta property=\"og:locale\" content=\"fr_FR\" \/>\n<meta property=\"og:type\" content=\"article\" \/>\n<meta property=\"og:title\" content=\"Remplacement d\u2019une dent unitaire - Sackville Smiles Dental Clinic\" \/>\n<meta property=\"og:url\" content=\"https:\/\/www.sackvillesmiles.ca\/fr\/remplacement-dune-dent-unitaire\" \/>\n<meta property=\"og:site_name\" content=\"Sackville Smiles Dental Clinic\" \/>\n<meta property=\"article:modified_time\" content=\"2019-01-28T07:34:07+00:00\" \/>\n<meta name=\"twitter:card\" content=\"summary_large_image\" \/>\n<meta name=\"twitter:label1\" content=\"Dur\u00e9e de lecture estim\u00e9e\" \/>\n\t<meta name=\"twitter:data1\" content=\"4 minutes\" \/>\n<script type=\"application\/ld+json\" class=\"yoast-schema-graph\">{\"@context\":\"https:\\\/\\\/schema.org\",\"@graph\":[{\"@type\":\"WebPage\",\"@id\":\"https:\\\/\\\/www.sackvillesmiles.ca\\\/fr\\\/remplacement-dune-dent-unitaire\",\"url\":\"https:\\\/\\\/www.sackvillesmiles.ca\\\/fr\\\/remplacement-dune-dent-unitaire\",\"name\":\"Remplacement d\u2019une dent unitaire - Sackville Smiles Dental Clinic\",\"isPartOf\":{\"@id\":\"https:\\\/\\\/www.sackvillesmiles.ca\\\/#website\"},\"datePublished\":\"2016-04-18T15:51:51+00:00\",\"dateModified\":\"2019-01-28T07:34:07+00:00\",\"breadcrumb\":{\"@id\":\"https:\\\/\\\/www.sackvillesmiles.ca\\\/fr\\\/remplacement-dune-dent-unitaire#breadcrumb\"},\"inLanguage\":\"fr-FR\",\"potentialAction\":[{\"@type\":\"ReadAction\",\"target\":[\"https:\\\/\\\/www.sackvillesmiles.ca\\\/fr\\\/remplacement-dune-dent-unitaire\"]}]},{\"@type\":\"BreadcrumbList\",\"@id\":\"https:\\\/\\\/www.sackvillesmiles.ca\\\/fr\\\/remplacement-dune-dent-unitaire#breadcrumb\",\"itemListElement\":[{\"@type\":\"ListItem\",\"position\":1,\"name\":\"Home\",\"item\":\"https:\\\/\\\/www.sackvillesmiles.ca\\\/fr\\\/dentistes-bouctouche-clinique-dentaire-bouctouche\"},{\"@type\":\"ListItem\",\"position\":2,\"name\":\"Remplacement d\u2019une dent unitaire\"}]},{\"@type\":\"WebSite\",\"@id\":\"https:\\\/\\\/www.sackvillesmiles.ca\\\/#website\",\"url\":\"https:\\\/\\\/www.sackvillesmiles.ca\\\/\",\"name\":\"Sackville Smiles Dental Clinic\",\"description\":\"\",\"publisher\":{\"@id\":\"https:\\\/\\\/www.sackvillesmiles.ca\\\/#organization\"},\"potentialAction\":[{\"@type\":\"SearchAction\",\"target\":{\"@type\":\"EntryPoint\",\"urlTemplate\":\"https:\\\/\\\/www.sackvillesmiles.ca\\\/?s={search_term_string}\"},\"query-input\":{\"@type\":\"PropertyValueSpecification\",\"valueRequired\":true,\"valueName\":\"search_term_string\"}}],\"inLanguage\":\"fr-FR\"},{\"@type\":\"Organization\",\"@id\":\"https:\\\/\\\/www.sackvillesmiles.ca\\\/#organization\",\"name\":\"Sackville Smiles\",\"url\":\"https:\\\/\\\/www.sackvillesmiles.ca\\\/\",\"logo\":{\"@type\":\"ImageObject\",\"inLanguage\":\"fr-FR\",\"@id\":\"https:\\\/\\\/www.sackvillesmiles.ca\\\/#\\\/schema\\\/logo\\\/image\\\/\",\"url\":\"https:\\\/\\\/www.sackvillesmiles.ca\\\/wp-content\\\/uploads\\\/2018\\\/01\\\/clinique-dentaire-bouctouche.png\",\"contentUrl\":\"https:\\\/\\\/www.sackvillesmiles.ca\\\/wp-content\\\/uploads\\\/2018\\\/01\\\/clinique-dentaire-bouctouche.png\",\"width\":464,\"height\":114,\"caption\":\"Sackville Smiles\"},\"image\":{\"@id\":\"https:\\\/\\\/www.sackvillesmiles.ca\\\/#\\\/schema\\\/logo\\\/image\\\/\"}}]}<\/script>\n<!-- \/ Yoast SEO plugin. -->","yoast_head_json":{"title":"Remplacement d\u2019une dent unitaire - Sackville Smiles Dental Clinic","robots":{"index":"index","follow":"follow","max-snippet":"max-snippet:-1","max-image-preview":"max-image-preview:large","max-video-preview":"max-video-preview:-1"},"canonical":"https:\/\/www.sackvillesmiles.ca\/fr\/remplacement-dune-dent-unitaire","og_locale":"fr_FR","og_type":"article","og_title":"Remplacement d\u2019une dent unitaire - Sackville Smiles Dental Clinic","og_url":"https:\/\/www.sackvillesmiles.ca\/fr\/remplacement-dune-dent-unitaire","og_site_name":"Sackville Smiles Dental Clinic","article_modified_time":"2019-01-28T07:34:07+00:00","twitter_card":"summary_large_image","twitter_misc":{"Dur\u00e9e de lecture estim\u00e9e":"4 minutes"},"schema":{"@context":"https:\/\/schema.org","@graph":[{"@type":"WebPage","@id":"https:\/\/www.sackvillesmiles.ca\/fr\/remplacement-dune-dent-unitaire","url":"https:\/\/www.sackvillesmiles.ca\/fr\/remplacement-dune-dent-unitaire","name":"Remplacement d\u2019une dent unitaire - Sackville Smiles Dental Clinic","isPartOf":{"@id":"https:\/\/www.sackvillesmiles.ca\/#website"},"datePublished":"2016-04-18T15:51:51+00:00","dateModified":"2019-01-28T07:34:07+00:00","breadcrumb":{"@id":"https:\/\/www.sackvillesmiles.ca\/fr\/remplacement-dune-dent-unitaire#breadcrumb"},"inLanguage":"fr-FR","potentialAction":[{"@type":"ReadAction","target":["https:\/\/www.sackvillesmiles.ca\/fr\/remplacement-dune-dent-unitaire"]}]},{"@type":"BreadcrumbList","@id":"https:\/\/www.sackvillesmiles.ca\/fr\/remplacement-dune-dent-unitaire#breadcrumb","itemListElement":[{"@type":"ListItem","position":1,"name":"Home","item":"https:\/\/www.sackvillesmiles.ca\/fr\/dentistes-bouctouche-clinique-dentaire-bouctouche"},{"@type":"ListItem","position":2,"name":"Remplacement d\u2019une dent unitaire"}]},{"@type":"WebSite","@id":"https:\/\/www.sackvillesmiles.ca\/#website","url":"https:\/\/www.sackvillesmiles.ca\/","name":"Sackville Smiles Dental Clinic","description":"","publisher":{"@id":"https:\/\/www.sackvillesmiles.ca\/#organization"},"potentialAction":[{"@type":"SearchAction","target":{"@type":"EntryPoint","urlTemplate":"https:\/\/www.sackvillesmiles.ca\/?s={search_term_string}"},"query-input":{"@type":"PropertyValueSpecification","valueRequired":true,"valueName":"search_term_string"}}],"inLanguage":"fr-FR"},{"@type":"Organization","@id":"https:\/\/www.sackvillesmiles.ca\/#organization","name":"Sackville Smiles","url":"https:\/\/www.sackvillesmiles.ca\/","logo":{"@type":"ImageObject","inLanguage":"fr-FR","@id":"https:\/\/www.sackvillesmiles.ca\/#\/schema\/logo\/image\/","url":"https:\/\/www.sackvillesmiles.ca\/wp-content\/uploads\/2018\/01\/clinique-dentaire-bouctouche.png","contentUrl":"https:\/\/www.sackvillesmiles.ca\/wp-content\/uploads\/2018\/01\/clinique-dentaire-bouctouche.png","width":464,"height":114,"caption":"Sackville Smiles"},"image":{"@id":"https:\/\/www.sackvillesmiles.ca\/#\/schema\/logo\/image\/"}}]}},"_links":{"self":[{"href":"https:\/\/www.sackvillesmiles.ca\/fr\/wp-json\/wp\/v2\/pages\/2469","targetHints":{"allow":["GET"]}}],"collection":[{"href":"https:\/\/www.sackvillesmiles.ca\/fr\/wp-json\/wp\/v2\/pages"}],"about":[{"href":"https:\/\/www.sackvillesmiles.ca\/fr\/wp-json\/wp\/v2\/types\/page"}],"author":[{"embeddable":true,"href":"https:\/\/www.sackvillesmiles.ca\/fr\/wp-json\/wp\/v2\/users\/4"}],"replies":[{"embeddable":true,"href":"https:\/\/www.sackvillesmiles.ca\/fr\/wp-json\/wp\/v2\/comments?post=2469"}],"version-history":[{"count":5,"href":"https:\/\/www.sackvillesmiles.ca\/fr\/wp-json\/wp\/v2\/pages\/2469\/revisions"}],"predecessor-version":[{"id":5955,"href":"https:\/\/www.sackvillesmiles.ca\/fr\/wp-json\/wp\/v2\/pages\/2469\/revisions\/5955"}],"wp:attachment":[{"href":"https:\/\/www.sackvillesmiles.ca\/fr\/wp-json\/wp\/v2\/media?parent=2469"}],"curies":[{"name":"wp","href":"https:\/\/api.w.org\/{rel}","templated":true}]}}