{"id":2467,"date":"2016-03-26T19:27:44","date_gmt":"2016-03-26T19:27:44","guid":{"rendered":"https:\/\/www.smilesdentaldocs.ca\/inlays-onlays"},"modified":"2024-05-07T04:19:01","modified_gmt":"2024-05-07T07:19:01","slug":"incrustation-dentaire","status":"publish","type":"page","link":"https:\/\/www.sackvillesmiles.ca\/fr\/incrustation-dentaire","title":{"rendered":"Incrustation Dentaire"},"content":{"rendered":"<p><div class=\"fusion-fullwidth fullwidth-box fusion-builder-row-1 nonhundred-percent-fullwidth non-hundred-percent-height-scrolling\" style=\"--awb-border-radius-top-left:0px;--awb-border-radius-top-right:0px;--awb-border-radius-bottom-right:0px;--awb-border-radius-bottom-left:0px;--awb-flex-wrap:wrap;\" ><div class=\"fusion-builder-row fusion-row\"><div class=\"fusion-layout-column fusion_builder_column fusion-builder-column-0 fusion_builder_column_1_1 1_1 fusion-one-full fusion-column-first fusion-column-last\" style=\"--awb-bg-size:cover;\"><div class=\"fusion-column-wrapper fusion-flex-column-wrapper-legacy\"><div class=\"fusion-text fusion-text-1\"><h1>Incrustation Dentaire (<em>Inlay\u00a0<\/em>et\u00a0<em>Onlay)<\/em><\/h1>\n<\/div><div class=\"fusion-text fusion-text-2\"><h3>Qu\u2019est-ce que l\u2019incrustation dentaire?<\/h3>\n<p style=\"text-align: justify;\">L\u2019<em>inlay<\/em> et l\u2019<em>onlay<\/em> ont le m\u00eame objectif. On applique l\u2019<em>inlay<\/em> sur la partie dentel\u00e9e de la dent, tandis que l\u2019o<em>nlay <\/em>recouvre une plus grande surface.<\/p>\n<p style=\"text-align: justify;\">Les deux types d\u2019incrustation n\u00e9cessitent g\u00e9n\u00e9ralement deux s\u00e9ances. Au premier rendez-vous, le dentiste taille la dent \u00e0 soigner, prend l\u2019empreinte et installe une incrustation temporaire. L\u2019empreinte est envoy\u00e9e au laboratoire pour la confection de l\u2019incrustation d\u00e9finitive. Lors de la seconde s\u00e9ance, le dentiste installe l\u2019incrustation et la cimente \u00e0 la dent.<\/p>\n<h3 style=\"text-align: justify;\">Quels sont certains avantages de l\u2019incrustation?<\/h3>\n<ul>\n<li style=\"text-align: justify;\">Il est tr\u00e8s facile d\u2019appareiller l\u2019incrustation de porcelaine \u00e0 votre dentition. Elle est plus esth\u00e9tique que l\u2019or ou l\u2019amalgame.<\/li>\n<li style=\"text-align: justify;\">L\u2019incrustation fonctionne comme vos dents naturelles.<\/li>\n<li style=\"text-align: justify;\">Elle est r\u00e9sistante aux taches.<\/li>\n<li style=\"text-align: justify;\">L\u2019incrustation de porcelaine est consid\u00e9r\u00e9e comme tr\u00e8s solide. Coll\u00e9e en bouche, elle renforce la dent qui a \u00e9t\u00e9 soign\u00e9e.<\/li>\n<li style=\"text-align: justify;\">Elle est durable.<\/li>\n<\/ul>\n<\/div><div class=\"fusion-clearfix\"><\/div><\/div><\/div><\/div><\/div><div class=\"fusion-fullwidth fullwidth-box fusion-builder-row-2 nonhundred-percent-fullwidth non-hundred-percent-height-scrolling\" style=\"--awb-border-radius-top-left:0px;--awb-border-radius-top-right:0px;--awb-border-radius-bottom-right:0px;--awb-border-radius-bottom-left:0px;--awb-flex-wrap:wrap;\" ><div class=\"fusion-builder-row fusion-row\"><div class=\"fusion-layout-column fusion_builder_column fusion-builder-column-1 fusion_builder_column_1_1 1_1 fusion-one-full fusion-column-first fusion-column-last\" style=\"--awb-bg-size:cover;\"><div class=\"fusion-column-wrapper fusion-flex-column-wrapper-legacy\"><div class=\"fusion-text fusion-text-3 fusion-text-no-margin\" style=\"--awb-line-height:2.2;--awb-margin-bottom:15px;\"><div id=\"tw-target-text-container\" class=\"gsrt tw-ta-container tw-nfl\">\n<div class=\"fusion-text\">\n<h2 style=\"text-align: center;\" data-fontsize=\"32\" data-lineheight=\"35\">Pour en savoir plus, t\u00e9l\u00e9phonez-nous d\u00e8s aujourd\u2019hui!<\/h2>\n<\/div>\n<\/div>\n<h2 style=\"text-align: center;\"><a href=\"tel:506-536-3800\">(506) 536-3800<\/a><\/h2>\n<\/div><div class=\"fusion-aligncenter\"><a class=\"fusion-button button-flat button-medium button-default fusion-button-default button-1 fusion-button-default-span fusion-button-default-type\" target=\"_self\" href=\"https:\/\/www.sackvillesmiles.ca\/fr\/rendez-vous\"><i class=\"fa-calendar-alt fas awb-button__icon awb-button__icon--default button-icon-left\" aria-hidden=\"true\"><\/i><span class=\"fusion-button-text awb-button__text awb-button__text--default\">Prenez rendez-vous!<\/span><\/a><\/div><div class=\"fusion-clearfix\"><\/div><\/div><\/div><\/div><\/div><\/p>\n","protected":false},"excerpt":{"rendered":"","protected":false},"author":4,"featured_media":0,"parent":0,"menu_order":0,"comment_status":"closed","ping_status":"closed","template":"","meta":{"footnotes":""},"class_list":["post-2467","page","type-page","status-publish","hentry"],"yoast_head":"<!-- This site is optimized with the Yoast SEO plugin v27.1.1 - https:\/\/yoast.com\/product\/yoast-seo-wordpress\/ -->\n<title>Incrustation Dentaire - Sackville Smiles Dental Clinic<\/title>\n<meta name=\"robots\" content=\"index, follow, max-snippet:-1, max-image-preview:large, max-video-preview:-1\" \/>\n<link rel=\"canonical\" href=\"https:\/\/www.sackvillesmiles.ca\/fr\/incrustation-dentaire\" \/>\n<meta property=\"og:locale\" content=\"fr_FR\" \/>\n<meta property=\"og:type\" content=\"article\" \/>\n<meta property=\"og:title\" content=\"Incrustation Dentaire - Sackville Smiles Dental Clinic\" \/>\n<meta property=\"og:url\" content=\"https:\/\/www.sackvillesmiles.ca\/fr\/incrustation-dentaire\" \/>\n<meta property=\"og:site_name\" content=\"Sackville Smiles Dental Clinic\" \/>\n<meta property=\"article:modified_time\" content=\"2024-05-07T07:19:01+00:00\" \/>\n<meta name=\"twitter:card\" content=\"summary_large_image\" \/>\n<meta name=\"twitter:label1\" content=\"Dur\u00e9e de lecture estim\u00e9e\" \/>\n\t<meta name=\"twitter:data1\" content=\"1 minute\" \/>\n<script type=\"application\/ld+json\" class=\"yoast-schema-graph\">{\"@context\":\"https:\/\/schema.org\",\"@graph\":[{\"@type\":\"WebPage\",\"@id\":\"https:\/\/www.sackvillesmiles.ca\/fr\/incrustation-dentaire\",\"url\":\"https:\/\/www.sackvillesmiles.ca\/fr\/incrustation-dentaire\",\"name\":\"Incrustation Dentaire - Sackville Smiles Dental Clinic\",\"isPartOf\":{\"@id\":\"https:\/\/www.sackvillesmiles.ca\/#website\"},\"datePublished\":\"2016-03-26T19:27:44+00:00\",\"dateModified\":\"2024-05-07T07:19:01+00:00\",\"breadcrumb\":{\"@id\":\"https:\/\/www.sackvillesmiles.ca\/fr\/incrustation-dentaire#breadcrumb\"},\"inLanguage\":\"fr-FR\",\"potentialAction\":[{\"@type\":\"ReadAction\",\"target\":[\"https:\/\/www.sackvillesmiles.ca\/fr\/incrustation-dentaire\"]}]},{\"@type\":\"BreadcrumbList\",\"@id\":\"https:\/\/www.sackvillesmiles.ca\/fr\/incrustation-dentaire#breadcrumb\",\"itemListElement\":[{\"@type\":\"ListItem\",\"position\":1,\"name\":\"Home\",\"item\":\"https:\/\/www.sackvillesmiles.ca\/fr\/dentistes-bouctouche-clinique-dentaire-bouctouche\"},{\"@type\":\"ListItem\",\"position\":2,\"name\":\"Incrustation Dentaire\"}]},{\"@type\":\"WebSite\",\"@id\":\"https:\/\/www.sackvillesmiles.ca\/#website\",\"url\":\"https:\/\/www.sackvillesmiles.ca\/\",\"name\":\"Sackville Smiles Dental Clinic\",\"description\":\"\",\"publisher\":{\"@id\":\"https:\/\/www.sackvillesmiles.ca\/#organization\"},\"potentialAction\":[{\"@type\":\"SearchAction\",\"target\":{\"@type\":\"EntryPoint\",\"urlTemplate\":\"https:\/\/www.sackvillesmiles.ca\/?s={search_term_string}\"},\"query-input\":{\"@type\":\"PropertyValueSpecification\",\"valueRequired\":true,\"valueName\":\"search_term_string\"}}],\"inLanguage\":\"fr-FR\"},{\"@type\":\"Organization\",\"@id\":\"https:\/\/www.sackvillesmiles.ca\/#organization\",\"name\":\"Sackville Smiles\",\"url\":\"https:\/\/www.sackvillesmiles.ca\/\",\"logo\":{\"@type\":\"ImageObject\",\"inLanguage\":\"fr-FR\",\"@id\":\"https:\/\/www.sackvillesmiles.ca\/#\/schema\/logo\/image\/\",\"url\":\"https:\/\/www.sackvillesmiles.ca\/wp-content\/uploads\/2018\/01\/clinique-dentaire-bouctouche.png\",\"contentUrl\":\"https:\/\/www.sackvillesmiles.ca\/wp-content\/uploads\/2018\/01\/clinique-dentaire-bouctouche.png\",\"width\":464,\"height\":114,\"caption\":\"Sackville Smiles\"},\"image\":{\"@id\":\"https:\/\/www.sackvillesmiles.ca\/#\/schema\/logo\/image\/\"}}]}<\/script>\n<!-- \/ Yoast SEO plugin. -->","yoast_head_json":{"title":"Incrustation Dentaire - Sackville Smiles Dental Clinic","robots":{"index":"index","follow":"follow","max-snippet":"max-snippet:-1","max-image-preview":"max-image-preview:large","max-video-preview":"max-video-preview:-1"},"canonical":"https:\/\/www.sackvillesmiles.ca\/fr\/incrustation-dentaire","og_locale":"fr_FR","og_type":"article","og_title":"Incrustation Dentaire - Sackville Smiles Dental Clinic","og_url":"https:\/\/www.sackvillesmiles.ca\/fr\/incrustation-dentaire","og_site_name":"Sackville Smiles Dental Clinic","article_modified_time":"2024-05-07T07:19:01+00:00","twitter_card":"summary_large_image","twitter_misc":{"Dur\u00e9e de lecture estim\u00e9e":"1 minute"},"schema":{"@context":"https:\/\/schema.org","@graph":[{"@type":"WebPage","@id":"https:\/\/www.sackvillesmiles.ca\/fr\/incrustation-dentaire","url":"https:\/\/www.sackvillesmiles.ca\/fr\/incrustation-dentaire","name":"Incrustation Dentaire - Sackville Smiles Dental Clinic","isPartOf":{"@id":"https:\/\/www.sackvillesmiles.ca\/#website"},"datePublished":"2016-03-26T19:27:44+00:00","dateModified":"2024-05-07T07:19:01+00:00","breadcrumb":{"@id":"https:\/\/www.sackvillesmiles.ca\/fr\/incrustation-dentaire#breadcrumb"},"inLanguage":"fr-FR","potentialAction":[{"@type":"ReadAction","target":["https:\/\/www.sackvillesmiles.ca\/fr\/incrustation-dentaire"]}]},{"@type":"BreadcrumbList","@id":"https:\/\/www.sackvillesmiles.ca\/fr\/incrustation-dentaire#breadcrumb","itemListElement":[{"@type":"ListItem","position":1,"name":"Home","item":"https:\/\/www.sackvillesmiles.ca\/fr\/dentistes-bouctouche-clinique-dentaire-bouctouche"},{"@type":"ListItem","position":2,"name":"Incrustation Dentaire"}]},{"@type":"WebSite","@id":"https:\/\/www.sackvillesmiles.ca\/#website","url":"https:\/\/www.sackvillesmiles.ca\/","name":"Sackville Smiles Dental Clinic","description":"","publisher":{"@id":"https:\/\/www.sackvillesmiles.ca\/#organization"},"potentialAction":[{"@type":"SearchAction","target":{"@type":"EntryPoint","urlTemplate":"https:\/\/www.sackvillesmiles.ca\/?s={search_term_string}"},"query-input":{"@type":"PropertyValueSpecification","valueRequired":true,"valueName":"search_term_string"}}],"inLanguage":"fr-FR"},{"@type":"Organization","@id":"https:\/\/www.sackvillesmiles.ca\/#organization","name":"Sackville Smiles","url":"https:\/\/www.sackvillesmiles.ca\/","logo":{"@type":"ImageObject","inLanguage":"fr-FR","@id":"https:\/\/www.sackvillesmiles.ca\/#\/schema\/logo\/image\/","url":"https:\/\/www.sackvillesmiles.ca\/wp-content\/uploads\/2018\/01\/clinique-dentaire-bouctouche.png","contentUrl":"https:\/\/www.sackvillesmiles.ca\/wp-content\/uploads\/2018\/01\/clinique-dentaire-bouctouche.png","width":464,"height":114,"caption":"Sackville Smiles"},"image":{"@id":"https:\/\/www.sackvillesmiles.ca\/#\/schema\/logo\/image\/"}}]}},"_links":{"self":[{"href":"https:\/\/www.sackvillesmiles.ca\/fr\/wp-json\/wp\/v2\/pages\/2467","targetHints":{"allow":["GET"]}}],"collection":[{"href":"https:\/\/www.sackvillesmiles.ca\/fr\/wp-json\/wp\/v2\/pages"}],"about":[{"href":"https:\/\/www.sackvillesmiles.ca\/fr\/wp-json\/wp\/v2\/types\/page"}],"author":[{"embeddable":true,"href":"https:\/\/www.sackvillesmiles.ca\/fr\/wp-json\/wp\/v2\/users\/4"}],"replies":[{"embeddable":true,"href":"https:\/\/www.sackvillesmiles.ca\/fr\/wp-json\/wp\/v2\/comments?post=2467"}],"version-history":[{"count":5,"href":"https:\/\/www.sackvillesmiles.ca\/fr\/wp-json\/wp\/v2\/pages\/2467\/revisions"}],"predecessor-version":[{"id":10320,"href":"https:\/\/www.sackvillesmiles.ca\/fr\/wp-json\/wp\/v2\/pages\/2467\/revisions\/10320"}],"wp:attachment":[{"href":"https:\/\/www.sackvillesmiles.ca\/fr\/wp-json\/wp\/v2\/media?parent=2467"}],"curies":[{"name":"wp","href":"https:\/\/api.w.org\/{rel}","templated":true}]}}