{"id":2464,"date":"2016-03-26T00:21:22","date_gmt":"2016-03-26T00:21:22","guid":{"rendered":"https:\/\/www.smilesdentaldocs.ca\/crowns-and-bridges"},"modified":"2019-01-27T10:55:36","modified_gmt":"2019-01-27T14:55:36","slug":"couronnes-et-ponts","status":"publish","type":"page","link":"https:\/\/www.sackvillesmiles.ca\/fr\/couronnes-et-ponts","title":{"rendered":"Couronnes et Ponts"},"content":{"rendered":"<p><div class=\"fusion-fullwidth fullwidth-box fusion-builder-row-1 nonhundred-percent-fullwidth non-hundred-percent-height-scrolling\" style=\"--awb-border-radius-top-left:0px;--awb-border-radius-top-right:0px;--awb-border-radius-bottom-right:0px;--awb-border-radius-bottom-left:0px;--awb-flex-wrap:wrap;\" ><div class=\"fusion-builder-row fusion-row\"><div class=\"fusion-layout-column fusion_builder_column fusion-builder-column-0 fusion_builder_column_1_1 1_1 fusion-one-full fusion-column-first fusion-column-last\" style=\"--awb-bg-size:cover;\"><div class=\"fusion-column-wrapper fusion-flex-column-wrapper-legacy\"><div class=\"fusion-text fusion-text-1\"><h2 style=\"text-align: left;\">Couronnes<\/h2>\n<\/div><div class=\"fusion-clearfix\"><\/div><\/div><\/div><\/div><\/div><div class=\"fusion-fullwidth fullwidth-box fusion-builder-row-2 nonhundred-percent-fullwidth non-hundred-percent-height-scrolling\" style=\"--awb-border-radius-top-left:0px;--awb-border-radius-top-right:0px;--awb-border-radius-bottom-right:0px;--awb-border-radius-bottom-left:0px;--awb-flex-wrap:wrap;\" ><div class=\"fusion-builder-row fusion-row\"><div class=\"fusion-layout-column fusion_builder_column fusion-builder-column-1 fusion_builder_column_1_1 1_1 fusion-one-full fusion-column-first fusion-column-last\" style=\"--awb-bg-size:cover;\"><div class=\"fusion-column-wrapper fusion-flex-column-wrapper-legacy\"><div class=\"fusion-text fusion-text-2\"><h2>Qu\u2019est-ce qu\u2019une couronne dentaire?<\/h2>\n<p style=\"text-align: justify;\">Quand une dent est ab\u00eem\u00e9e, mais encore pr\u00e9sente, elle peut \u00eatre \u00ab\u00a0couronn\u00e9e\u00a0\u00bb pour restaurer son apparence, sa forme, sa force et sa taille. Aussi appel\u00e9e \u00ab\u00a0cap\u00a0\u00bb, la couronne aide \u00e0 prot\u00e9ger la dent contre de futures d\u00e9t\u00e9riorations. Elle agit comme une dent naturelle.<\/p>\n<h3>Quand faut-il \u00ab\u00a0couronner\u00a0\u00bb une dent?<\/h3>\n<p><strong>On placera une couronne dentaire dans les cas suivants\u00a0:<\/strong><\/p>\n<ul>\n<li style=\"text-align: justify;\">pour restaurer une dent cass\u00e9e ou qui est tr\u00e8s us\u00e9e;<\/li>\n<li style=\"text-align: justify;\">pour \u00e9viter la fracture d\u2019une dent affaiblie (par la carie) ou pour retenir ensemble les parties d\u2019une dent fissur\u00e9e;<\/li>\n<li style=\"text-align: justify;\">pour recouvrir un implant dentaire;<\/li>\n<li style=\"text-align: justify;\">pour recouvrir des dents d\u00e9color\u00e9es;<\/li>\n<li style=\"text-align: justify;\">pour soutenir et recouvrir une dent restaur\u00e9e quand il ne reste que tr\u00e8s peu d\u2019\u00e9mail;<\/li>\n<\/ul>\n<p style=\"text-align: justify;\">Chez Sackville Smiles, nous n\u2019utilisons que des mat\u00e9riaux qui ont des bienfaits \u00e0 long terme pour confectionner les couronnes. Notre objectif est de donner aux patients les meilleurs r\u00e9sultats possible autant au niveau fonctionnel que du point de vue esth\u00e9tique.<\/p>\n<h2>Ponts dentaires<\/h2>\n<h3>Qu\u2019est-ce qu\u2019un pont dentaire?<\/h3>\n<p style=\"text-align: justify;\">S\u2019il vous manque une ou plusieurs dents, votre capacit\u00e9 de mastiquer et de parler sera alt\u00e9r\u00e9e. Un pont dentaire de bonne qualit\u00e9 est une solution valable. Non seulement va-t-il restaurer votre beau sourire, mais il pr\u00e9viendra des probl\u00e8mes graves associ\u00e9s \u00e0 la perte d\u2019une dent. Le pont emp\u00eache vos dents de se d\u00e9placer. Il fournit l\u2019appui qu\u2019il faut pour que votre m\u00e2choire fonctionne bien.<\/p>\n<p style=\"text-align: justify;\">La plupart des ponts sont des proth\u00e8ses fixes ciment\u00e9es \u00e0 des dents existantes ou \u00e0 des implants. Seul un dentiste peut les enlever. Les dents qui servent \u00e0 ancrer le pont sont souvent appel\u00e9es piliers. La dent artificielle appel\u00e9e pontique, relie les couronnes pos\u00e9es sur les piliers.<\/p>\n<h3>Quels sont les bienfaits des ponts dentaires?<\/h3>\n<h3>Les ponts contribuent \u00e0\u00a0:<\/h3>\n<ul>\n<li>restaurer la capacit\u00e9 d\u2019\u00e9locution et de mastication;<\/li>\n<li>r\u00e9tablir un sourire naturel;<\/li>\n<li>pr\u00e9server la forme du visage;<\/li>\n<li>emp\u00eacher les dents de se d\u00e9placer hors de leur position;<\/li>\n<li>bien distribuer les forces de l\u2019occlusion.<\/li>\n<\/ul>\n<\/div><div class=\"fusion-clearfix\"><\/div><\/div><\/div><div class=\"fusion-layout-column fusion_builder_column fusion-builder-column-2 fusion_builder_column_1_1 1_1 fusion-one-full fusion-column-first fusion-column-last\" style=\"--awb-bg-size:cover;\"><div class=\"fusion-column-wrapper fusion-flex-column-wrapper-legacy\"><div class=\"fusion-text fusion-text-3\"><div id=\"tw-target-text-container\" class=\"gsrt tw-ta-container tw-nfl\">\n<h2 style=\"text-align: center;\">Pour en savoir plus, t\u00e9l\u00e9phonez-nous d\u00e8s aujourd\u2019hui!<\/h2>\n<\/div>\n<h2 style=\"text-align: center;\"><a href=\"tel:506-536-3800\">(506) 536-3800<\/a><\/h2>\n<\/div><div class=\"fusion-aligncenter\"><a class=\"fusion-button button-flat button-medium button-default fusion-button-default button-1 fusion-button-default-span fusion-button-default-type\" target=\"_self\" href=\"https:\/\/www.sackvillesmiles.ca\/fr\/rendez-vous\"><i class=\"fa-calendar-alt fas awb-button__icon awb-button__icon--default button-icon-left\" aria-hidden=\"true\"><\/i><span class=\"fusion-button-text awb-button__text awb-button__text--default\">Prenez rendez-vous!<\/span><\/a><\/div><div class=\"fusion-clearfix\"><\/div><\/div><\/div><\/div><\/div><\/p>\n","protected":false},"excerpt":{"rendered":"","protected":false},"author":4,"featured_media":0,"parent":0,"menu_order":0,"comment_status":"closed","ping_status":"closed","template":"","meta":{"footnotes":""},"class_list":["post-2464","page","type-page","status-publish","hentry"],"yoast_head":"<!-- This site is optimized with the Yoast SEO plugin v27.1.1 - https:\/\/yoast.com\/product\/yoast-seo-wordpress\/ -->\n<title>Couronnes et Ponts - Sackville Smiles Dental Clinic<\/title>\n<meta name=\"robots\" content=\"index, follow, max-snippet:-1, max-image-preview:large, max-video-preview:-1\" \/>\n<link rel=\"canonical\" href=\"https:\/\/www.sackvillesmiles.ca\/fr\/couronnes-et-ponts\" \/>\n<meta property=\"og:locale\" content=\"fr_FR\" \/>\n<meta property=\"og:type\" content=\"article\" \/>\n<meta property=\"og:title\" content=\"Couronnes et Ponts - Sackville Smiles Dental Clinic\" \/>\n<meta property=\"og:url\" content=\"https:\/\/www.sackvillesmiles.ca\/fr\/couronnes-et-ponts\" \/>\n<meta property=\"og:site_name\" content=\"Sackville Smiles Dental Clinic\" \/>\n<meta property=\"article:modified_time\" content=\"2019-01-27T14:55:36+00:00\" \/>\n<meta name=\"twitter:card\" content=\"summary_large_image\" \/>\n<meta name=\"twitter:label1\" content=\"Dur\u00e9e de lecture estim\u00e9e\" \/>\n\t<meta name=\"twitter:data1\" content=\"5 minutes\" \/>\n<script type=\"application\/ld+json\" class=\"yoast-schema-graph\">{\"@context\":\"https:\/\/schema.org\",\"@graph\":[{\"@type\":\"WebPage\",\"@id\":\"https:\/\/www.sackvillesmiles.ca\/fr\/couronnes-et-ponts\",\"url\":\"https:\/\/www.sackvillesmiles.ca\/fr\/couronnes-et-ponts\",\"name\":\"Couronnes et Ponts - Sackville Smiles Dental Clinic\",\"isPartOf\":{\"@id\":\"https:\/\/www.sackvillesmiles.ca\/#website\"},\"datePublished\":\"2016-03-26T00:21:22+00:00\",\"dateModified\":\"2019-01-27T14:55:36+00:00\",\"breadcrumb\":{\"@id\":\"https:\/\/www.sackvillesmiles.ca\/fr\/couronnes-et-ponts#breadcrumb\"},\"inLanguage\":\"fr-FR\",\"potentialAction\":[{\"@type\":\"ReadAction\",\"target\":[\"https:\/\/www.sackvillesmiles.ca\/fr\/couronnes-et-ponts\"]}]},{\"@type\":\"BreadcrumbList\",\"@id\":\"https:\/\/www.sackvillesmiles.ca\/fr\/couronnes-et-ponts#breadcrumb\",\"itemListElement\":[{\"@type\":\"ListItem\",\"position\":1,\"name\":\"Home\",\"item\":\"https:\/\/www.sackvillesmiles.ca\/fr\/dentistes-bouctouche-clinique-dentaire-bouctouche\"},{\"@type\":\"ListItem\",\"position\":2,\"name\":\"Couronnes et Ponts\"}]},{\"@type\":\"WebSite\",\"@id\":\"https:\/\/www.sackvillesmiles.ca\/#website\",\"url\":\"https:\/\/www.sackvillesmiles.ca\/\",\"name\":\"Sackville Smiles Dental Clinic\",\"description\":\"\",\"publisher\":{\"@id\":\"https:\/\/www.sackvillesmiles.ca\/#organization\"},\"potentialAction\":[{\"@type\":\"SearchAction\",\"target\":{\"@type\":\"EntryPoint\",\"urlTemplate\":\"https:\/\/www.sackvillesmiles.ca\/?s={search_term_string}\"},\"query-input\":{\"@type\":\"PropertyValueSpecification\",\"valueRequired\":true,\"valueName\":\"search_term_string\"}}],\"inLanguage\":\"fr-FR\"},{\"@type\":\"Organization\",\"@id\":\"https:\/\/www.sackvillesmiles.ca\/#organization\",\"name\":\"Sackville Smiles\",\"url\":\"https:\/\/www.sackvillesmiles.ca\/\",\"logo\":{\"@type\":\"ImageObject\",\"inLanguage\":\"fr-FR\",\"@id\":\"https:\/\/www.sackvillesmiles.ca\/#\/schema\/logo\/image\/\",\"url\":\"https:\/\/www.sackvillesmiles.ca\/wp-content\/uploads\/2018\/01\/clinique-dentaire-bouctouche.png\",\"contentUrl\":\"https:\/\/www.sackvillesmiles.ca\/wp-content\/uploads\/2018\/01\/clinique-dentaire-bouctouche.png\",\"width\":464,\"height\":114,\"caption\":\"Sackville Smiles\"},\"image\":{\"@id\":\"https:\/\/www.sackvillesmiles.ca\/#\/schema\/logo\/image\/\"}}]}<\/script>\n<!-- \/ Yoast SEO plugin. -->","yoast_head_json":{"title":"Couronnes et Ponts - Sackville Smiles Dental Clinic","robots":{"index":"index","follow":"follow","max-snippet":"max-snippet:-1","max-image-preview":"max-image-preview:large","max-video-preview":"max-video-preview:-1"},"canonical":"https:\/\/www.sackvillesmiles.ca\/fr\/couronnes-et-ponts","og_locale":"fr_FR","og_type":"article","og_title":"Couronnes et Ponts - Sackville Smiles Dental Clinic","og_url":"https:\/\/www.sackvillesmiles.ca\/fr\/couronnes-et-ponts","og_site_name":"Sackville Smiles Dental Clinic","article_modified_time":"2019-01-27T14:55:36+00:00","twitter_card":"summary_large_image","twitter_misc":{"Dur\u00e9e de lecture estim\u00e9e":"5 minutes"},"schema":{"@context":"https:\/\/schema.org","@graph":[{"@type":"WebPage","@id":"https:\/\/www.sackvillesmiles.ca\/fr\/couronnes-et-ponts","url":"https:\/\/www.sackvillesmiles.ca\/fr\/couronnes-et-ponts","name":"Couronnes et Ponts - Sackville Smiles Dental Clinic","isPartOf":{"@id":"https:\/\/www.sackvillesmiles.ca\/#website"},"datePublished":"2016-03-26T00:21:22+00:00","dateModified":"2019-01-27T14:55:36+00:00","breadcrumb":{"@id":"https:\/\/www.sackvillesmiles.ca\/fr\/couronnes-et-ponts#breadcrumb"},"inLanguage":"fr-FR","potentialAction":[{"@type":"ReadAction","target":["https:\/\/www.sackvillesmiles.ca\/fr\/couronnes-et-ponts"]}]},{"@type":"BreadcrumbList","@id":"https:\/\/www.sackvillesmiles.ca\/fr\/couronnes-et-ponts#breadcrumb","itemListElement":[{"@type":"ListItem","position":1,"name":"Home","item":"https:\/\/www.sackvillesmiles.ca\/fr\/dentistes-bouctouche-clinique-dentaire-bouctouche"},{"@type":"ListItem","position":2,"name":"Couronnes et Ponts"}]},{"@type":"WebSite","@id":"https:\/\/www.sackvillesmiles.ca\/#website","url":"https:\/\/www.sackvillesmiles.ca\/","name":"Sackville Smiles Dental Clinic","description":"","publisher":{"@id":"https:\/\/www.sackvillesmiles.ca\/#organization"},"potentialAction":[{"@type":"SearchAction","target":{"@type":"EntryPoint","urlTemplate":"https:\/\/www.sackvillesmiles.ca\/?s={search_term_string}"},"query-input":{"@type":"PropertyValueSpecification","valueRequired":true,"valueName":"search_term_string"}}],"inLanguage":"fr-FR"},{"@type":"Organization","@id":"https:\/\/www.sackvillesmiles.ca\/#organization","name":"Sackville Smiles","url":"https:\/\/www.sackvillesmiles.ca\/","logo":{"@type":"ImageObject","inLanguage":"fr-FR","@id":"https:\/\/www.sackvillesmiles.ca\/#\/schema\/logo\/image\/","url":"https:\/\/www.sackvillesmiles.ca\/wp-content\/uploads\/2018\/01\/clinique-dentaire-bouctouche.png","contentUrl":"https:\/\/www.sackvillesmiles.ca\/wp-content\/uploads\/2018\/01\/clinique-dentaire-bouctouche.png","width":464,"height":114,"caption":"Sackville Smiles"},"image":{"@id":"https:\/\/www.sackvillesmiles.ca\/#\/schema\/logo\/image\/"}}]}},"_links":{"self":[{"href":"https:\/\/www.sackvillesmiles.ca\/fr\/wp-json\/wp\/v2\/pages\/2464","targetHints":{"allow":["GET"]}}],"collection":[{"href":"https:\/\/www.sackvillesmiles.ca\/fr\/wp-json\/wp\/v2\/pages"}],"about":[{"href":"https:\/\/www.sackvillesmiles.ca\/fr\/wp-json\/wp\/v2\/types\/page"}],"author":[{"embeddable":true,"href":"https:\/\/www.sackvillesmiles.ca\/fr\/wp-json\/wp\/v2\/users\/4"}],"replies":[{"embeddable":true,"href":"https:\/\/www.sackvillesmiles.ca\/fr\/wp-json\/wp\/v2\/comments?post=2464"}],"version-history":[{"count":5,"href":"https:\/\/www.sackvillesmiles.ca\/fr\/wp-json\/wp\/v2\/pages\/2464\/revisions"}],"predecessor-version":[{"id":5958,"href":"https:\/\/www.sackvillesmiles.ca\/fr\/wp-json\/wp\/v2\/pages\/2464\/revisions\/5958"}],"wp:attachment":[{"href":"https:\/\/www.sackvillesmiles.ca\/fr\/wp-json\/wp\/v2\/media?parent=2464"}],"curies":[{"name":"wp","href":"https:\/\/api.w.org\/{rel}","templated":true}]}}