{"id":2462,"date":"2016-05-13T16:14:06","date_gmt":"2016-05-13T16:14:06","guid":{"rendered":"https:\/\/www.smilesdentaldocs.ca\/white-fillings"},"modified":"2019-01-27T10:59:33","modified_gmt":"2019-01-27T14:59:33","slug":"restauration-blanche","status":"publish","type":"page","link":"https:\/\/www.sackvillesmiles.ca\/fr\/restauration-blanche","title":{"rendered":"Restauration blanche"},"content":{"rendered":"<p><div class=\"fusion-fullwidth fullwidth-box fusion-builder-row-1 nonhundred-percent-fullwidth non-hundred-percent-height-scrolling\" style=\"--awb-border-radius-top-left:0px;--awb-border-radius-top-right:0px;--awb-border-radius-bottom-right:0px;--awb-border-radius-bottom-left:0px;--awb-flex-wrap:wrap;\" ><div class=\"fusion-builder-row fusion-row\"><div class=\"fusion-layout-column fusion_builder_column fusion-builder-column-0 fusion_builder_column_1_1 1_1 fusion-one-full fusion-column-first fusion-column-last\" style=\"--awb-bg-size:cover;\"><div class=\"fusion-column-wrapper fusion-flex-column-wrapper-legacy\"><div class=\"fusion-text fusion-text-1\"><h2 style=\"text-align: justify;\">Restauration blanche<\/h2>\n<\/div><div class=\"fusion-clearfix\"><\/div><\/div><\/div><\/div><\/div><div class=\"fusion-fullwidth fullwidth-box fusion-builder-row-2 nonhundred-percent-fullwidth non-hundred-percent-height-scrolling\" style=\"--awb-border-radius-top-left:0px;--awb-border-radius-top-right:0px;--awb-border-radius-bottom-right:0px;--awb-border-radius-bottom-left:0px;--awb-flex-wrap:wrap;\" ><div class=\"fusion-builder-row fusion-row\"><div class=\"fusion-layout-column fusion_builder_column fusion-builder-column-1 fusion_builder_column_1_1 1_1 fusion-one-full fusion-column-first fusion-column-last\" style=\"--awb-bg-size:cover;\"><div class=\"fusion-column-wrapper fusion-flex-column-wrapper-legacy\"><div class=\"fusion-text fusion-text-2\"><h2>Qu\u2019est-ce qu\u2019une restauration blanche?<\/h2>\n<p style=\"text-align: justify;\">La restauration blanche, aussi appel\u00e9e une restauration en r\u00e9sine de composite, fait partie des soins dentaires qui aident la fonction et l\u2019esth\u00e9tiques. On s\u2019en sert pour r\u00e9parer des caries dentaires. Contrairement \u00e0 l\u2019amalgame ou \u00e0 l\u2019or, la r\u00e9sine de composite est appareill\u00e9e \u00e0 la couleur de la dentition. Les composites sont fabriqu\u00e9es \u00e0 partir de microparticules de verres et de plastique. Elles sont durables et ont un aspect naturel.<\/p>\n<h3>Quels sont les avantages d\u2019une restauration blanche?<\/h3>\n<p style=\"text-align: justify;\">La r\u00e9sine de composite est utilis\u00e9e non seulement pour r\u00e9parer la dent ab\u00eem\u00e9e, mais aussi pour am\u00e9liorer son apparence. Parce qu\u2019elle est coll\u00e9e sur la dent, elle contribue \u00e0 renforcer ses parties les plus faibles. De plus, au cours de la pr\u00e9paration de la cavit\u00e9, il faut retirer une plus petite partie de la structure de la dent comparativement \u00e0 l\u2019amalgame, surtout lorsqu\u2019il s\u2019agit d\u2019une petite carie.<\/p>\n<\/div><div class=\"fusion-clearfix\"><\/div><\/div><\/div><div class=\"fusion-layout-column fusion_builder_column fusion-builder-column-2 fusion_builder_column_1_1 1_1 fusion-one-full fusion-column-first fusion-column-last\" style=\"--awb-bg-size:cover;\"><div class=\"fusion-column-wrapper fusion-flex-column-wrapper-legacy\"><div class=\"fusion-text fusion-text-3\"><div id=\"tw-target-text-container\" class=\"gsrt tw-ta-container tw-nfl\">\n<h2 style=\"text-align: center;\">Pour en savoir plus, t\u00e9l\u00e9phonez-nous d\u00e8s aujourd\u2019hui!<\/h2>\n<\/div>\n<h2 style=\"text-align: center;\"><a href=\"tel:506-536-3800\">(506) 536-3800<\/a><\/h2>\n<\/div><div class=\"fusion-aligncenter\"><a class=\"fusion-button button-flat button-medium button-default fusion-button-default button-1 fusion-button-default-span fusion-button-default-type\" target=\"_self\" href=\"https:\/\/www.sackvillesmiles.ca\/fr\/rendez-vous\"><i class=\"fa-calendar-alt fas awb-button__icon awb-button__icon--default button-icon-left\" aria-hidden=\"true\"><\/i><span class=\"fusion-button-text awb-button__text awb-button__text--default\">Prenez rendez-vous!<\/span><\/a><\/div><div class=\"fusion-clearfix\"><\/div><\/div><\/div><\/div><\/div><\/p>\n","protected":false},"excerpt":{"rendered":"","protected":false},"author":4,"featured_media":0,"parent":0,"menu_order":0,"comment_status":"closed","ping_status":"closed","template":"","meta":{"footnotes":""},"class_list":["post-2462","page","type-page","status-publish","hentry"],"yoast_head":"<!-- This site is optimized with the Yoast SEO plugin v27.1.1 - https:\/\/yoast.com\/product\/yoast-seo-wordpress\/ -->\n<title>Restauration blanche - Sackville Smiles Dental Clinic<\/title>\n<meta name=\"description\" content=\"White fillings also called composite fillings are a form of cosmetic dentistry and serve to restore your decayed teeth.\" \/>\n<meta name=\"robots\" content=\"index, follow, max-snippet:-1, max-image-preview:large, max-video-preview:-1\" \/>\n<link rel=\"canonical\" href=\"https:\/\/www.sackvillesmiles.ca\/fr\/restauration-blanche\" \/>\n<meta property=\"og:locale\" content=\"fr_FR\" \/>\n<meta property=\"og:type\" content=\"article\" \/>\n<meta property=\"og:title\" content=\"Restauration blanche - Sackville Smiles Dental Clinic\" \/>\n<meta property=\"og:description\" content=\"White fillings also called composite fillings are a form of cosmetic dentistry and serve to restore your decayed teeth.\" \/>\n<meta property=\"og:url\" content=\"https:\/\/www.sackvillesmiles.ca\/fr\/restauration-blanche\" \/>\n<meta property=\"og:site_name\" content=\"Sackville Smiles Dental Clinic\" \/>\n<meta property=\"article:modified_time\" content=\"2019-01-27T14:59:33+00:00\" \/>\n<meta name=\"twitter:card\" content=\"summary_large_image\" \/>\n<meta name=\"twitter:label1\" content=\"Dur\u00e9e de lecture estim\u00e9e\" \/>\n\t<meta name=\"twitter:data1\" content=\"4 minutes\" \/>\n<script type=\"application\/ld+json\" class=\"yoast-schema-graph\">{\"@context\":\"https:\/\/schema.org\",\"@graph\":[{\"@type\":\"WebPage\",\"@id\":\"https:\/\/www.sackvillesmiles.ca\/fr\/restauration-blanche\",\"url\":\"https:\/\/www.sackvillesmiles.ca\/fr\/restauration-blanche\",\"name\":\"Restauration blanche - Sackville Smiles Dental Clinic\",\"isPartOf\":{\"@id\":\"https:\/\/www.sackvillesmiles.ca\/#website\"},\"datePublished\":\"2016-05-13T16:14:06+00:00\",\"dateModified\":\"2019-01-27T14:59:33+00:00\",\"description\":\"White fillings also called composite fillings are a form of cosmetic dentistry and serve to restore your decayed teeth.\",\"breadcrumb\":{\"@id\":\"https:\/\/www.sackvillesmiles.ca\/fr\/restauration-blanche#breadcrumb\"},\"inLanguage\":\"fr-FR\",\"potentialAction\":[{\"@type\":\"ReadAction\",\"target\":[\"https:\/\/www.sackvillesmiles.ca\/fr\/restauration-blanche\"]}]},{\"@type\":\"BreadcrumbList\",\"@id\":\"https:\/\/www.sackvillesmiles.ca\/fr\/restauration-blanche#breadcrumb\",\"itemListElement\":[{\"@type\":\"ListItem\",\"position\":1,\"name\":\"Home\",\"item\":\"https:\/\/www.sackvillesmiles.ca\/fr\/dentistes-bouctouche-clinique-dentaire-bouctouche\"},{\"@type\":\"ListItem\",\"position\":2,\"name\":\"Restauration blanche\"}]},{\"@type\":\"WebSite\",\"@id\":\"https:\/\/www.sackvillesmiles.ca\/#website\",\"url\":\"https:\/\/www.sackvillesmiles.ca\/\",\"name\":\"Sackville Smiles Dental Clinic\",\"description\":\"\",\"publisher\":{\"@id\":\"https:\/\/www.sackvillesmiles.ca\/#organization\"},\"potentialAction\":[{\"@type\":\"SearchAction\",\"target\":{\"@type\":\"EntryPoint\",\"urlTemplate\":\"https:\/\/www.sackvillesmiles.ca\/?s={search_term_string}\"},\"query-input\":{\"@type\":\"PropertyValueSpecification\",\"valueRequired\":true,\"valueName\":\"search_term_string\"}}],\"inLanguage\":\"fr-FR\"},{\"@type\":\"Organization\",\"@id\":\"https:\/\/www.sackvillesmiles.ca\/#organization\",\"name\":\"Sackville Smiles\",\"url\":\"https:\/\/www.sackvillesmiles.ca\/\",\"logo\":{\"@type\":\"ImageObject\",\"inLanguage\":\"fr-FR\",\"@id\":\"https:\/\/www.sackvillesmiles.ca\/#\/schema\/logo\/image\/\",\"url\":\"https:\/\/www.sackvillesmiles.ca\/wp-content\/uploads\/2018\/01\/clinique-dentaire-bouctouche.png\",\"contentUrl\":\"https:\/\/www.sackvillesmiles.ca\/wp-content\/uploads\/2018\/01\/clinique-dentaire-bouctouche.png\",\"width\":464,\"height\":114,\"caption\":\"Sackville Smiles\"},\"image\":{\"@id\":\"https:\/\/www.sackvillesmiles.ca\/#\/schema\/logo\/image\/\"}}]}<\/script>\n<!-- \/ Yoast SEO plugin. -->","yoast_head_json":{"title":"Restauration blanche - Sackville Smiles Dental Clinic","description":"White fillings also called composite fillings are a form of cosmetic dentistry and serve to restore your decayed teeth.","robots":{"index":"index","follow":"follow","max-snippet":"max-snippet:-1","max-image-preview":"max-image-preview:large","max-video-preview":"max-video-preview:-1"},"canonical":"https:\/\/www.sackvillesmiles.ca\/fr\/restauration-blanche","og_locale":"fr_FR","og_type":"article","og_title":"Restauration blanche - Sackville Smiles Dental Clinic","og_description":"White fillings also called composite fillings are a form of cosmetic dentistry and serve to restore your decayed teeth.","og_url":"https:\/\/www.sackvillesmiles.ca\/fr\/restauration-blanche","og_site_name":"Sackville Smiles Dental Clinic","article_modified_time":"2019-01-27T14:59:33+00:00","twitter_card":"summary_large_image","twitter_misc":{"Dur\u00e9e de lecture estim\u00e9e":"4 minutes"},"schema":{"@context":"https:\/\/schema.org","@graph":[{"@type":"WebPage","@id":"https:\/\/www.sackvillesmiles.ca\/fr\/restauration-blanche","url":"https:\/\/www.sackvillesmiles.ca\/fr\/restauration-blanche","name":"Restauration blanche - Sackville Smiles Dental Clinic","isPartOf":{"@id":"https:\/\/www.sackvillesmiles.ca\/#website"},"datePublished":"2016-05-13T16:14:06+00:00","dateModified":"2019-01-27T14:59:33+00:00","description":"White fillings also called composite fillings are a form of cosmetic dentistry and serve to restore your decayed teeth.","breadcrumb":{"@id":"https:\/\/www.sackvillesmiles.ca\/fr\/restauration-blanche#breadcrumb"},"inLanguage":"fr-FR","potentialAction":[{"@type":"ReadAction","target":["https:\/\/www.sackvillesmiles.ca\/fr\/restauration-blanche"]}]},{"@type":"BreadcrumbList","@id":"https:\/\/www.sackvillesmiles.ca\/fr\/restauration-blanche#breadcrumb","itemListElement":[{"@type":"ListItem","position":1,"name":"Home","item":"https:\/\/www.sackvillesmiles.ca\/fr\/dentistes-bouctouche-clinique-dentaire-bouctouche"},{"@type":"ListItem","position":2,"name":"Restauration blanche"}]},{"@type":"WebSite","@id":"https:\/\/www.sackvillesmiles.ca\/#website","url":"https:\/\/www.sackvillesmiles.ca\/","name":"Sackville Smiles Dental Clinic","description":"","publisher":{"@id":"https:\/\/www.sackvillesmiles.ca\/#organization"},"potentialAction":[{"@type":"SearchAction","target":{"@type":"EntryPoint","urlTemplate":"https:\/\/www.sackvillesmiles.ca\/?s={search_term_string}"},"query-input":{"@type":"PropertyValueSpecification","valueRequired":true,"valueName":"search_term_string"}}],"inLanguage":"fr-FR"},{"@type":"Organization","@id":"https:\/\/www.sackvillesmiles.ca\/#organization","name":"Sackville Smiles","url":"https:\/\/www.sackvillesmiles.ca\/","logo":{"@type":"ImageObject","inLanguage":"fr-FR","@id":"https:\/\/www.sackvillesmiles.ca\/#\/schema\/logo\/image\/","url":"https:\/\/www.sackvillesmiles.ca\/wp-content\/uploads\/2018\/01\/clinique-dentaire-bouctouche.png","contentUrl":"https:\/\/www.sackvillesmiles.ca\/wp-content\/uploads\/2018\/01\/clinique-dentaire-bouctouche.png","width":464,"height":114,"caption":"Sackville Smiles"},"image":{"@id":"https:\/\/www.sackvillesmiles.ca\/#\/schema\/logo\/image\/"}}]}},"_links":{"self":[{"href":"https:\/\/www.sackvillesmiles.ca\/fr\/wp-json\/wp\/v2\/pages\/2462","targetHints":{"allow":["GET"]}}],"collection":[{"href":"https:\/\/www.sackvillesmiles.ca\/fr\/wp-json\/wp\/v2\/pages"}],"about":[{"href":"https:\/\/www.sackvillesmiles.ca\/fr\/wp-json\/wp\/v2\/types\/page"}],"author":[{"embeddable":true,"href":"https:\/\/www.sackvillesmiles.ca\/fr\/wp-json\/wp\/v2\/users\/4"}],"replies":[{"embeddable":true,"href":"https:\/\/www.sackvillesmiles.ca\/fr\/wp-json\/wp\/v2\/comments?post=2462"}],"version-history":[{"count":5,"href":"https:\/\/www.sackvillesmiles.ca\/fr\/wp-json\/wp\/v2\/pages\/2462\/revisions"}],"predecessor-version":[{"id":5960,"href":"https:\/\/www.sackvillesmiles.ca\/fr\/wp-json\/wp\/v2\/pages\/2462\/revisions\/5960"}],"wp:attachment":[{"href":"https:\/\/www.sackvillesmiles.ca\/fr\/wp-json\/wp\/v2\/media?parent=2462"}],"curies":[{"name":"wp","href":"https:\/\/api.w.org\/{rel}","templated":true}]}}