{"id":2458,"date":"2016-04-03T03:13:13","date_gmt":"2016-04-03T03:13:13","guid":{"rendered":"https:\/\/www.smilesdentaldocs.ca\/teeth-whitening-moncton"},"modified":"2019-01-27T11:04:18","modified_gmt":"2019-01-27T15:04:18","slug":"blanchiment-des-dents-clinique-dentaire-sackville","status":"publish","type":"page","link":"https:\/\/www.sackvillesmiles.ca\/fr\/blanchiment-des-dents-clinique-dentaire-sackville","title":{"rendered":"Blanchiment des dents"},"content":{"rendered":"<p><div class=\"fusion-fullwidth fullwidth-box fusion-builder-row-1 nonhundred-percent-fullwidth non-hundred-percent-height-scrolling\" style=\"--awb-border-radius-top-left:0px;--awb-border-radius-top-right:0px;--awb-border-radius-bottom-right:0px;--awb-border-radius-bottom-left:0px;--awb-flex-wrap:wrap;\" ><div class=\"fusion-builder-row fusion-row\"><div class=\"fusion-layout-column fusion_builder_column fusion-builder-column-0 fusion_builder_column_1_1 1_1 fusion-one-full fusion-column-first fusion-column-last\" style=\"--awb-bg-size:cover;\"><div class=\"fusion-column-wrapper fusion-flex-column-wrapper-legacy\"><div class=\"fusion-text fusion-text-1\"><h2 style=\"text-align: left;\">Blanchiment des dents Sackville<\/h2>\n<\/div><div class=\"fusion-clearfix\"><\/div><\/div><\/div><\/div><\/div><div class=\"fusion-fullwidth fullwidth-box fusion-builder-row-2 nonhundred-percent-fullwidth non-hundred-percent-height-scrolling\" style=\"--awb-border-radius-top-left:0px;--awb-border-radius-top-right:0px;--awb-border-radius-bottom-right:0px;--awb-border-radius-bottom-left:0px;--awb-flex-wrap:wrap;\" ><div class=\"fusion-builder-row fusion-row\"><div class=\"fusion-layout-column fusion_builder_column fusion-builder-column-1 fusion_builder_column_1_1 1_1 fusion-one-full fusion-column-first fusion-column-last\" style=\"--awb-bg-size:cover;\"><div class=\"fusion-column-wrapper fusion-flex-column-wrapper-legacy\"><div class=\"fusion-text fusion-text-2\"><p style=\"text-align: justify;\">Le blanchiment des dents vous permettra de retrouver un sourire \u00e9clatant. En peu de s\u00e9ances, la teinte de vos dents devient de 2 \u00e0 6 fois plus claire. Votre sourire est alors plus \u00e9blouissant. Chez Sackville Smiles, on applique un gel pour blanchir les taches et redonner \u00e0 votre sourire l\u2019\u00e9clat qu\u2019il m\u00e9rite.<\/p>\n<ul style=\"text-align: justify;\">\n<li>Sourire plus \u00e9clatant<\/li>\n<li>R\u00e9sultats \u00e0 long terme (en suivant une bonne hygi\u00e8ne dentaire)<\/li>\n<li>Traitement de courte dur\u00e9e<\/li>\n<li>Plus grande confiance en soi<\/li>\n<\/ul>\n<h3 style=\"text-align: justify;\">\u00cates-vous un bon candidat pour le blanchiment des dents?<\/h3>\n<p style=\"text-align: justify;\">Ce traitement convient \u00e0 la grande majorit\u00e9 des gens. Par contre, si vous avez une couronne ou des restaurations de composite, il sera difficile de faire l\u2019agencement des couleurs. Certains dentistes sugg\u00e8rent de faire remplacer vos restaurations pour les rendre la m\u00eame couleur que vos dents. Si vos dents sont d\u00e9color\u00e9es \u00e0 cause d\u2019un probl\u00e8me g\u00e9n\u00e9tique, d\u2019un accident, de la prise d\u2019un m\u00e9dicament ou de votre \u00e2ge, cela peut nuire au r\u00e9sultat. Il est possible que ce traitement ne soit pas pour vous.<\/p>\n<\/div><div class=\"fusion-clearfix\"><\/div><\/div><\/div><div class=\"fusion-layout-column fusion_builder_column fusion-builder-column-2 fusion_builder_column_1_1 1_1 fusion-one-full fusion-column-first fusion-column-last\" style=\"--awb-bg-size:cover;\"><div class=\"fusion-column-wrapper fusion-flex-column-wrapper-legacy\"><div class=\"fusion-text fusion-text-3 fusion-text-no-margin\" style=\"--awb-line-height:2.2;--awb-margin-bottom:15px;\"><h2 style=\"text-align: center;\">Appelez maintenant pour prendre rendez-vous!<\/h2>\n<h2 style=\"text-align: center;\"><a href=\"tel:506-536-3800\">(506) 536-3800<\/a><\/h2>\n<\/div><div class=\"fusion-button-wrapper fusion-aligncenter\"><a class=\"fusion-button button-flat button-medium button-default fusion-button-default button-1 fusion-button-default-span fusion-button-default-type\" target=\"_self\" href=\"https:\/\/www.sackvillesmiles.ca\/online-dental-appointment\"><i class=\"fa-calendar-alt fas awb-button__icon awb-button__icon--default button-icon-left\" aria-hidden=\"true\"><\/i><span class=\"fusion-button-text awb-button__text awb-button__text--default\">Planifiez votre rendez-vous<\/span><\/a><\/div><div class=\"fusion-clearfix\"><\/div><\/div><\/div>\n<\/div><\/div><\/p>\n","protected":false},"excerpt":{"rendered":"","protected":false},"author":4,"featured_media":0,"parent":0,"menu_order":0,"comment_status":"closed","ping_status":"closed","template":"","meta":{"footnotes":""},"class_list":["post-2458","page","type-page","status-publish","hentry"],"yoast_head":"<!-- This site is optimized with the Yoast SEO plugin v27.4 - https:\/\/yoast.com\/product\/yoast-seo-wordpress\/ -->\n<title>Blanchiment des dents - Sackville Smiles Dental Clinic<\/title>\n<meta name=\"robots\" content=\"index, follow, max-snippet:-1, max-image-preview:large, max-video-preview:-1\" \/>\n<link rel=\"canonical\" href=\"https:\/\/www.sackvillesmiles.ca\/fr\/blanchiment-des-dents-clinique-dentaire-sackville\" \/>\n<meta property=\"og:locale\" content=\"fr_FR\" \/>\n<meta property=\"og:type\" content=\"article\" \/>\n<meta property=\"og:title\" content=\"Blanchiment des dents - Sackville Smiles Dental Clinic\" \/>\n<meta property=\"og:url\" content=\"https:\/\/www.sackvillesmiles.ca\/fr\/blanchiment-des-dents-clinique-dentaire-sackville\" \/>\n<meta property=\"og:site_name\" content=\"Sackville Smiles Dental Clinic\" \/>\n<meta property=\"article:modified_time\" content=\"2019-01-27T15:04:18+00:00\" \/>\n<meta name=\"twitter:card\" content=\"summary_large_image\" \/>\n<meta name=\"twitter:label1\" content=\"Dur\u00e9e de lecture estim\u00e9e\" \/>\n\t<meta name=\"twitter:data1\" content=\"3 minutes\" \/>\n<script type=\"application\/ld+json\" class=\"yoast-schema-graph\">{\"@context\":\"https:\\\/\\\/schema.org\",\"@graph\":[{\"@type\":\"WebPage\",\"@id\":\"https:\\\/\\\/www.sackvillesmiles.ca\\\/fr\\\/blanchiment-des-dents-clinique-dentaire-sackville\",\"url\":\"https:\\\/\\\/www.sackvillesmiles.ca\\\/fr\\\/blanchiment-des-dents-clinique-dentaire-sackville\",\"name\":\"Blanchiment des dents - Sackville Smiles Dental Clinic\",\"isPartOf\":{\"@id\":\"https:\\\/\\\/www.sackvillesmiles.ca\\\/#website\"},\"datePublished\":\"2016-04-03T03:13:13+00:00\",\"dateModified\":\"2019-01-27T15:04:18+00:00\",\"breadcrumb\":{\"@id\":\"https:\\\/\\\/www.sackvillesmiles.ca\\\/fr\\\/blanchiment-des-dents-clinique-dentaire-sackville#breadcrumb\"},\"inLanguage\":\"fr-FR\",\"potentialAction\":[{\"@type\":\"ReadAction\",\"target\":[\"https:\\\/\\\/www.sackvillesmiles.ca\\\/fr\\\/blanchiment-des-dents-clinique-dentaire-sackville\"]}]},{\"@type\":\"BreadcrumbList\",\"@id\":\"https:\\\/\\\/www.sackvillesmiles.ca\\\/fr\\\/blanchiment-des-dents-clinique-dentaire-sackville#breadcrumb\",\"itemListElement\":[{\"@type\":\"ListItem\",\"position\":1,\"name\":\"Home\",\"item\":\"https:\\\/\\\/www.sackvillesmiles.ca\\\/fr\\\/dentistes-bouctouche-clinique-dentaire-bouctouche\"},{\"@type\":\"ListItem\",\"position\":2,\"name\":\"Blanchiment des dents\"}]},{\"@type\":\"WebSite\",\"@id\":\"https:\\\/\\\/www.sackvillesmiles.ca\\\/#website\",\"url\":\"https:\\\/\\\/www.sackvillesmiles.ca\\\/\",\"name\":\"Sackville Smiles Dental Clinic\",\"description\":\"\",\"publisher\":{\"@id\":\"https:\\\/\\\/www.sackvillesmiles.ca\\\/#organization\"},\"potentialAction\":[{\"@type\":\"SearchAction\",\"target\":{\"@type\":\"EntryPoint\",\"urlTemplate\":\"https:\\\/\\\/www.sackvillesmiles.ca\\\/?s={search_term_string}\"},\"query-input\":{\"@type\":\"PropertyValueSpecification\",\"valueRequired\":true,\"valueName\":\"search_term_string\"}}],\"inLanguage\":\"fr-FR\"},{\"@type\":\"Organization\",\"@id\":\"https:\\\/\\\/www.sackvillesmiles.ca\\\/#organization\",\"name\":\"Sackville Smiles\",\"url\":\"https:\\\/\\\/www.sackvillesmiles.ca\\\/\",\"logo\":{\"@type\":\"ImageObject\",\"inLanguage\":\"fr-FR\",\"@id\":\"https:\\\/\\\/www.sackvillesmiles.ca\\\/#\\\/schema\\\/logo\\\/image\\\/\",\"url\":\"https:\\\/\\\/www.sackvillesmiles.ca\\\/wp-content\\\/uploads\\\/2018\\\/01\\\/clinique-dentaire-bouctouche.png\",\"contentUrl\":\"https:\\\/\\\/www.sackvillesmiles.ca\\\/wp-content\\\/uploads\\\/2018\\\/01\\\/clinique-dentaire-bouctouche.png\",\"width\":464,\"height\":114,\"caption\":\"Sackville Smiles\"},\"image\":{\"@id\":\"https:\\\/\\\/www.sackvillesmiles.ca\\\/#\\\/schema\\\/logo\\\/image\\\/\"}}]}<\/script>\n<!-- \/ Yoast SEO plugin. -->","yoast_head_json":{"title":"Blanchiment des dents - Sackville Smiles Dental Clinic","robots":{"index":"index","follow":"follow","max-snippet":"max-snippet:-1","max-image-preview":"max-image-preview:large","max-video-preview":"max-video-preview:-1"},"canonical":"https:\/\/www.sackvillesmiles.ca\/fr\/blanchiment-des-dents-clinique-dentaire-sackville","og_locale":"fr_FR","og_type":"article","og_title":"Blanchiment des dents - Sackville Smiles Dental Clinic","og_url":"https:\/\/www.sackvillesmiles.ca\/fr\/blanchiment-des-dents-clinique-dentaire-sackville","og_site_name":"Sackville Smiles Dental Clinic","article_modified_time":"2019-01-27T15:04:18+00:00","twitter_card":"summary_large_image","twitter_misc":{"Dur\u00e9e de lecture estim\u00e9e":"3 minutes"},"schema":{"@context":"https:\/\/schema.org","@graph":[{"@type":"WebPage","@id":"https:\/\/www.sackvillesmiles.ca\/fr\/blanchiment-des-dents-clinique-dentaire-sackville","url":"https:\/\/www.sackvillesmiles.ca\/fr\/blanchiment-des-dents-clinique-dentaire-sackville","name":"Blanchiment des dents - Sackville Smiles Dental Clinic","isPartOf":{"@id":"https:\/\/www.sackvillesmiles.ca\/#website"},"datePublished":"2016-04-03T03:13:13+00:00","dateModified":"2019-01-27T15:04:18+00:00","breadcrumb":{"@id":"https:\/\/www.sackvillesmiles.ca\/fr\/blanchiment-des-dents-clinique-dentaire-sackville#breadcrumb"},"inLanguage":"fr-FR","potentialAction":[{"@type":"ReadAction","target":["https:\/\/www.sackvillesmiles.ca\/fr\/blanchiment-des-dents-clinique-dentaire-sackville"]}]},{"@type":"BreadcrumbList","@id":"https:\/\/www.sackvillesmiles.ca\/fr\/blanchiment-des-dents-clinique-dentaire-sackville#breadcrumb","itemListElement":[{"@type":"ListItem","position":1,"name":"Home","item":"https:\/\/www.sackvillesmiles.ca\/fr\/dentistes-bouctouche-clinique-dentaire-bouctouche"},{"@type":"ListItem","position":2,"name":"Blanchiment des dents"}]},{"@type":"WebSite","@id":"https:\/\/www.sackvillesmiles.ca\/#website","url":"https:\/\/www.sackvillesmiles.ca\/","name":"Sackville Smiles Dental Clinic","description":"","publisher":{"@id":"https:\/\/www.sackvillesmiles.ca\/#organization"},"potentialAction":[{"@type":"SearchAction","target":{"@type":"EntryPoint","urlTemplate":"https:\/\/www.sackvillesmiles.ca\/?s={search_term_string}"},"query-input":{"@type":"PropertyValueSpecification","valueRequired":true,"valueName":"search_term_string"}}],"inLanguage":"fr-FR"},{"@type":"Organization","@id":"https:\/\/www.sackvillesmiles.ca\/#organization","name":"Sackville Smiles","url":"https:\/\/www.sackvillesmiles.ca\/","logo":{"@type":"ImageObject","inLanguage":"fr-FR","@id":"https:\/\/www.sackvillesmiles.ca\/#\/schema\/logo\/image\/","url":"https:\/\/www.sackvillesmiles.ca\/wp-content\/uploads\/2018\/01\/clinique-dentaire-bouctouche.png","contentUrl":"https:\/\/www.sackvillesmiles.ca\/wp-content\/uploads\/2018\/01\/clinique-dentaire-bouctouche.png","width":464,"height":114,"caption":"Sackville Smiles"},"image":{"@id":"https:\/\/www.sackvillesmiles.ca\/#\/schema\/logo\/image\/"}}]}},"_links":{"self":[{"href":"https:\/\/www.sackvillesmiles.ca\/fr\/wp-json\/wp\/v2\/pages\/2458","targetHints":{"allow":["GET"]}}],"collection":[{"href":"https:\/\/www.sackvillesmiles.ca\/fr\/wp-json\/wp\/v2\/pages"}],"about":[{"href":"https:\/\/www.sackvillesmiles.ca\/fr\/wp-json\/wp\/v2\/types\/page"}],"author":[{"embeddable":true,"href":"https:\/\/www.sackvillesmiles.ca\/fr\/wp-json\/wp\/v2\/users\/4"}],"replies":[{"embeddable":true,"href":"https:\/\/www.sackvillesmiles.ca\/fr\/wp-json\/wp\/v2\/comments?post=2458"}],"version-history":[{"count":5,"href":"https:\/\/www.sackvillesmiles.ca\/fr\/wp-json\/wp\/v2\/pages\/2458\/revisions"}],"predecessor-version":[{"id":5963,"href":"https:\/\/www.sackvillesmiles.ca\/fr\/wp-json\/wp\/v2\/pages\/2458\/revisions\/5963"}],"wp:attachment":[{"href":"https:\/\/www.sackvillesmiles.ca\/fr\/wp-json\/wp\/v2\/media?parent=2458"}],"curies":[{"name":"wp","href":"https:\/\/api.w.org\/{rel}","templated":true}]}}