{"id":2436,"date":"2016-04-18T15:49:11","date_gmt":"2016-04-18T15:49:11","guid":{"rendered":"https:\/\/www.smilesdentaldocs.ca\/dental-sealants"},"modified":"2019-01-28T11:22:46","modified_gmt":"2019-01-28T15:22:46","slug":"scellant-dentaire","status":"publish","type":"page","link":"https:\/\/www.sackvillesmiles.ca\/fr\/scellant-dentaire","title":{"rendered":"Scellant dentaire"},"content":{"rendered":"<p><div class=\"fusion-fullwidth fullwidth-box fusion-builder-row-1 nonhundred-percent-fullwidth non-hundred-percent-height-scrolling\" style=\"--awb-border-radius-top-left:0px;--awb-border-radius-top-right:0px;--awb-border-radius-bottom-right:0px;--awb-border-radius-bottom-left:0px;--awb-padding-top:20px;--awb-padding-bottom:20px;--awb-flex-wrap:wrap;\" ><div class=\"fusion-builder-row fusion-row\"><div class=\"fusion-layout-column fusion_builder_column fusion-builder-column-0 fusion_builder_column_1_1 1_1 fusion-one-full fusion-column-first fusion-column-last\" style=\"--awb-bg-size:cover;\"><div class=\"fusion-column-wrapper fusion-flex-column-wrapper-legacy\"><div class=\"fusion-text fusion-text-1\"><h2 data-fontsize=\"32\" data-lineheight=\"35\">Scellant dentaire<\/h2>\n<\/div><div class=\"fusion-text fusion-text-2\"><p>Il s\u2019agit d\u2019une mince couche de r\u00e9sine appliqu\u00e9e sur la surface de mastication des dents. En r\u00e8gle g\u00e9n\u00e9rale, on scelle les dents post\u00e9rieures (pr\u00e9molaires et molaires) pour pr\u00e9venir la carie. Les r\u00e9sines adh\u00e8rent rapidement aux fosses et aux sillons des dents. Le scellant forme une couche protectrice qui recouvre l\u2019\u00e9mail.<\/p>\n<p>Se brosser les dents et employer la soie dentaire enl\u00e8vent une grande partie des r\u00e9sidus alimentaires et de la plaque qui se d\u00e9posent sur la surface des dents. Mais, les r\u00e9gions qui sont difficiles \u00e0 atteindre au fond de la bouche sont en g\u00e9n\u00e9ral plus difficiles \u00e0 nettoyer. Le scellant dentaire prot\u00e8ge les parties sujettes \u00e0 la carie. Il emp\u00eache la nourriture et la plaque d\u2019attaquer l\u2019\u00e9mail des dents.<\/p>\n<\/div><div class=\"fusion-builder-row fusion-builder-row-inner fusion-row\"><div class=\"fusion-layout-column fusion_builder_column_inner fusion-builder-nested-column-0 fusion_builder_column_inner_1_2 1_2 fusion-one-half fusion-column-first\" style=\"--awb-bg-size:cover;width:50%;width:calc(50% - ( ( 4% ) * 0.5 ) );margin-right: 4%;\"><div class=\"fusion-column-wrapper fusion-flex-column-wrapper-legacy\"><div class=\"fusion-image-element fusion-image-align-center in-legacy-container\" style=\"text-align:center;--awb-caption-title-font-family:var(--h2_typography-font-family);--awb-caption-title-font-weight:var(--h2_typography-font-weight);--awb-caption-title-font-style:var(--h2_typography-font-style);--awb-caption-title-size:var(--h2_typography-font-size);--awb-caption-title-transform:var(--h2_typography-text-transform);--awb-caption-title-line-height:var(--h2_typography-line-height);--awb-caption-title-letter-spacing:var(--h2_typography-letter-spacing);\"><div class=\"imageframe-align-center\"><span class=\" fusion-imageframe imageframe-none imageframe-1 hover-type-none\"><a href=\"https:\/\/www.sackvillesmiles.ca\/wp-content\/uploads\/2016\/04\/sealants-2-e1548145525123.jpg\" class=\"fusion-lightbox\" data-rel=\"iLightbox[7a2b375d93d39f928cf]\" data-title=\"sealants-2\" title=\"sealants-2\"><img decoding=\"async\" width=\"2956\" height=\"1662\" src=\"https:\/\/www.sackvillesmiles.ca\/wp-content\/uploads\/2016\/04\/sealants-2-e1548145525123.jpg\" alt class=\"img-responsive wp-image-3602\"\/><\/a><\/span><\/div><\/div><div class=\"fusion-clearfix\"><\/div><\/div><\/div><div class=\"fusion-layout-column fusion_builder_column_inner fusion-builder-nested-column-1 fusion_builder_column_inner_1_2 1_2 fusion-one-half fusion-column-last\" style=\"--awb-bg-size:cover;width:50%;width:calc(50% - ( ( 4% ) * 0.5 ) );\"><div class=\"fusion-column-wrapper fusion-flex-column-wrapper-legacy\"><div class=\"fusion-image-element fusion-image-align-center in-legacy-container\" style=\"text-align:center;--awb-caption-title-font-family:var(--h2_typography-font-family);--awb-caption-title-font-weight:var(--h2_typography-font-weight);--awb-caption-title-font-style:var(--h2_typography-font-style);--awb-caption-title-size:var(--h2_typography-font-size);--awb-caption-title-transform:var(--h2_typography-text-transform);--awb-caption-title-line-height:var(--h2_typography-line-height);--awb-caption-title-letter-spacing:var(--h2_typography-letter-spacing);\"><div class=\"imageframe-align-center\"><span class=\" fusion-imageframe imageframe-none imageframe-2 hover-type-none\"><a href=\"https:\/\/www.sackvillesmiles.ca\/wp-content\/uploads\/2016\/04\/sealants-e1548145579762.jpg\" class=\"fusion-lightbox\" data-rel=\"iLightbox[d68c5ea984543022ff7]\" data-title=\"sealants\" title=\"sealants\"><img decoding=\"async\" width=\"600\" height=\"400\" src=\"https:\/\/www.sackvillesmiles.ca\/wp-content\/uploads\/2016\/04\/sealants-e1548145579762.jpg\" alt class=\"img-responsive wp-image-3586\"\/><\/a><\/span><\/div><\/div><div class=\"fusion-clearfix\"><\/div><\/div><\/div><\/div><div class=\"fusion-clearfix\"><\/div><\/div><\/div><\/div><\/div><div class=\"fusion-fullwidth fullwidth-box fusion-builder-row-2 nonhundred-percent-fullwidth non-hundred-percent-height-scrolling\" style=\"--awb-border-radius-top-left:0px;--awb-border-radius-top-right:0px;--awb-border-radius-bottom-right:0px;--awb-border-radius-bottom-left:0px;--awb-flex-wrap:wrap;\" ><div class=\"fusion-builder-row fusion-row\"><div class=\"fusion-layout-column fusion_builder_column fusion-builder-column-1 fusion_builder_column_1_1 1_1 fusion-one-full fusion-column-first fusion-column-last\" style=\"--awb-bg-size:cover;\"><div class=\"fusion-column-wrapper fusion-flex-column-wrapper-legacy\"><div class=\"fusion-text fusion-text-3 fusion-text-no-margin\" style=\"--awb-line-height:2.2;--awb-margin-bottom:15px;\"><h2 style=\"text-align: center;\">Appelez maintenant pour prendre rendez-vous!<\/h2>\n<h2 style=\"text-align: center;\"><a href=\"tel:506-536-3800\">(506) 536-3800<\/a><\/h2>\n<\/div><div class=\"fusion-button-wrapper fusion-aligncenter\"><a class=\"fusion-button button-flat button-medium button-default fusion-button-default button-1 fusion-button-default-span fusion-button-default-type\" target=\"_self\" href=\"https:\/\/www.sackvillesmiles.ca\/online-dental-appointment\"><i class=\"fa-calendar-alt fas awb-button__icon awb-button__icon--default button-icon-left\" aria-hidden=\"true\"><\/i><span class=\"fusion-button-text awb-button__text awb-button__text--default\">Planifiez votre rendez-vous<\/span><\/a><\/div><div class=\"fusion-clearfix\"><\/div><\/div><\/div>\n<\/div><\/div><\/p>\n","protected":false},"excerpt":{"rendered":"","protected":false},"author":4,"featured_media":0,"parent":0,"menu_order":0,"comment_status":"closed","ping_status":"closed","template":"","meta":{"footnotes":""},"class_list":["post-2436","page","type-page","status-publish","hentry"],"yoast_head":"<!-- This site is optimized with the Yoast SEO plugin v27.5 - https:\/\/yoast.com\/product\/yoast-seo-wordpress\/ -->\n<title>Scellant dentaire - Sackville Smiles Dental Clinic<\/title>\n<meta name=\"robots\" content=\"index, follow, max-snippet:-1, max-image-preview:large, max-video-preview:-1\" \/>\n<link rel=\"canonical\" href=\"https:\/\/www.sackvillesmiles.ca\/fr\/scellant-dentaire\" \/>\n<meta property=\"og:locale\" content=\"fr_FR\" \/>\n<meta property=\"og:type\" content=\"article\" \/>\n<meta property=\"og:title\" content=\"Scellant dentaire - Sackville Smiles Dental Clinic\" \/>\n<meta property=\"og:url\" content=\"https:\/\/www.sackvillesmiles.ca\/fr\/scellant-dentaire\" \/>\n<meta property=\"og:site_name\" content=\"Sackville Smiles Dental Clinic\" \/>\n<meta property=\"article:modified_time\" content=\"2019-01-28T15:22:46+00:00\" \/>\n<meta name=\"twitter:card\" content=\"summary_large_image\" \/>\n<meta name=\"twitter:label1\" content=\"Dur\u00e9e de lecture estim\u00e9e\" \/>\n\t<meta name=\"twitter:data1\" content=\"3 minutes\" \/>\n<script type=\"application\/ld+json\" class=\"yoast-schema-graph\">{\"@context\":\"https:\\\/\\\/schema.org\",\"@graph\":[{\"@type\":\"WebPage\",\"@id\":\"https:\\\/\\\/www.sackvillesmiles.ca\\\/fr\\\/scellant-dentaire\",\"url\":\"https:\\\/\\\/www.sackvillesmiles.ca\\\/fr\\\/scellant-dentaire\",\"name\":\"Scellant dentaire - Sackville Smiles Dental Clinic\",\"isPartOf\":{\"@id\":\"https:\\\/\\\/www.sackvillesmiles.ca\\\/#website\"},\"datePublished\":\"2016-04-18T15:49:11+00:00\",\"dateModified\":\"2019-01-28T15:22:46+00:00\",\"breadcrumb\":{\"@id\":\"https:\\\/\\\/www.sackvillesmiles.ca\\\/fr\\\/scellant-dentaire#breadcrumb\"},\"inLanguage\":\"fr-FR\",\"potentialAction\":[{\"@type\":\"ReadAction\",\"target\":[\"https:\\\/\\\/www.sackvillesmiles.ca\\\/fr\\\/scellant-dentaire\"]}]},{\"@type\":\"BreadcrumbList\",\"@id\":\"https:\\\/\\\/www.sackvillesmiles.ca\\\/fr\\\/scellant-dentaire#breadcrumb\",\"itemListElement\":[{\"@type\":\"ListItem\",\"position\":1,\"name\":\"Home\",\"item\":\"https:\\\/\\\/www.sackvillesmiles.ca\\\/fr\\\/dentistes-bouctouche-clinique-dentaire-bouctouche\"},{\"@type\":\"ListItem\",\"position\":2,\"name\":\"Scellant dentaire\"}]},{\"@type\":\"WebSite\",\"@id\":\"https:\\\/\\\/www.sackvillesmiles.ca\\\/#website\",\"url\":\"https:\\\/\\\/www.sackvillesmiles.ca\\\/\",\"name\":\"Sackville Smiles Dental Clinic\",\"description\":\"\",\"publisher\":{\"@id\":\"https:\\\/\\\/www.sackvillesmiles.ca\\\/#organization\"},\"potentialAction\":[{\"@type\":\"SearchAction\",\"target\":{\"@type\":\"EntryPoint\",\"urlTemplate\":\"https:\\\/\\\/www.sackvillesmiles.ca\\\/?s={search_term_string}\"},\"query-input\":{\"@type\":\"PropertyValueSpecification\",\"valueRequired\":true,\"valueName\":\"search_term_string\"}}],\"inLanguage\":\"fr-FR\"},{\"@type\":\"Organization\",\"@id\":\"https:\\\/\\\/www.sackvillesmiles.ca\\\/#organization\",\"name\":\"Sackville Smiles\",\"url\":\"https:\\\/\\\/www.sackvillesmiles.ca\\\/\",\"logo\":{\"@type\":\"ImageObject\",\"inLanguage\":\"fr-FR\",\"@id\":\"https:\\\/\\\/www.sackvillesmiles.ca\\\/#\\\/schema\\\/logo\\\/image\\\/\",\"url\":\"https:\\\/\\\/www.sackvillesmiles.ca\\\/wp-content\\\/uploads\\\/2018\\\/01\\\/clinique-dentaire-bouctouche.png\",\"contentUrl\":\"https:\\\/\\\/www.sackvillesmiles.ca\\\/wp-content\\\/uploads\\\/2018\\\/01\\\/clinique-dentaire-bouctouche.png\",\"width\":464,\"height\":114,\"caption\":\"Sackville Smiles\"},\"image\":{\"@id\":\"https:\\\/\\\/www.sackvillesmiles.ca\\\/#\\\/schema\\\/logo\\\/image\\\/\"}}]}<\/script>\n<!-- \/ Yoast SEO plugin. -->","yoast_head_json":{"title":"Scellant dentaire - Sackville Smiles Dental Clinic","robots":{"index":"index","follow":"follow","max-snippet":"max-snippet:-1","max-image-preview":"max-image-preview:large","max-video-preview":"max-video-preview:-1"},"canonical":"https:\/\/www.sackvillesmiles.ca\/fr\/scellant-dentaire","og_locale":"fr_FR","og_type":"article","og_title":"Scellant dentaire - Sackville Smiles Dental Clinic","og_url":"https:\/\/www.sackvillesmiles.ca\/fr\/scellant-dentaire","og_site_name":"Sackville Smiles Dental Clinic","article_modified_time":"2019-01-28T15:22:46+00:00","twitter_card":"summary_large_image","twitter_misc":{"Dur\u00e9e de lecture estim\u00e9e":"3 minutes"},"schema":{"@context":"https:\/\/schema.org","@graph":[{"@type":"WebPage","@id":"https:\/\/www.sackvillesmiles.ca\/fr\/scellant-dentaire","url":"https:\/\/www.sackvillesmiles.ca\/fr\/scellant-dentaire","name":"Scellant dentaire - Sackville Smiles Dental Clinic","isPartOf":{"@id":"https:\/\/www.sackvillesmiles.ca\/#website"},"datePublished":"2016-04-18T15:49:11+00:00","dateModified":"2019-01-28T15:22:46+00:00","breadcrumb":{"@id":"https:\/\/www.sackvillesmiles.ca\/fr\/scellant-dentaire#breadcrumb"},"inLanguage":"fr-FR","potentialAction":[{"@type":"ReadAction","target":["https:\/\/www.sackvillesmiles.ca\/fr\/scellant-dentaire"]}]},{"@type":"BreadcrumbList","@id":"https:\/\/www.sackvillesmiles.ca\/fr\/scellant-dentaire#breadcrumb","itemListElement":[{"@type":"ListItem","position":1,"name":"Home","item":"https:\/\/www.sackvillesmiles.ca\/fr\/dentistes-bouctouche-clinique-dentaire-bouctouche"},{"@type":"ListItem","position":2,"name":"Scellant dentaire"}]},{"@type":"WebSite","@id":"https:\/\/www.sackvillesmiles.ca\/#website","url":"https:\/\/www.sackvillesmiles.ca\/","name":"Sackville Smiles Dental Clinic","description":"","publisher":{"@id":"https:\/\/www.sackvillesmiles.ca\/#organization"},"potentialAction":[{"@type":"SearchAction","target":{"@type":"EntryPoint","urlTemplate":"https:\/\/www.sackvillesmiles.ca\/?s={search_term_string}"},"query-input":{"@type":"PropertyValueSpecification","valueRequired":true,"valueName":"search_term_string"}}],"inLanguage":"fr-FR"},{"@type":"Organization","@id":"https:\/\/www.sackvillesmiles.ca\/#organization","name":"Sackville Smiles","url":"https:\/\/www.sackvillesmiles.ca\/","logo":{"@type":"ImageObject","inLanguage":"fr-FR","@id":"https:\/\/www.sackvillesmiles.ca\/#\/schema\/logo\/image\/","url":"https:\/\/www.sackvillesmiles.ca\/wp-content\/uploads\/2018\/01\/clinique-dentaire-bouctouche.png","contentUrl":"https:\/\/www.sackvillesmiles.ca\/wp-content\/uploads\/2018\/01\/clinique-dentaire-bouctouche.png","width":464,"height":114,"caption":"Sackville Smiles"},"image":{"@id":"https:\/\/www.sackvillesmiles.ca\/#\/schema\/logo\/image\/"}}]}},"_links":{"self":[{"href":"https:\/\/www.sackvillesmiles.ca\/fr\/wp-json\/wp\/v2\/pages\/2436","targetHints":{"allow":["GET"]}}],"collection":[{"href":"https:\/\/www.sackvillesmiles.ca\/fr\/wp-json\/wp\/v2\/pages"}],"about":[{"href":"https:\/\/www.sackvillesmiles.ca\/fr\/wp-json\/wp\/v2\/types\/page"}],"author":[{"embeddable":true,"href":"https:\/\/www.sackvillesmiles.ca\/fr\/wp-json\/wp\/v2\/users\/4"}],"replies":[{"embeddable":true,"href":"https:\/\/www.sackvillesmiles.ca\/fr\/wp-json\/wp\/v2\/comments?post=2436"}],"version-history":[{"count":5,"href":"https:\/\/www.sackvillesmiles.ca\/fr\/wp-json\/wp\/v2\/pages\/2436\/revisions"}],"predecessor-version":[{"id":6045,"href":"https:\/\/www.sackvillesmiles.ca\/fr\/wp-json\/wp\/v2\/pages\/2436\/revisions\/6045"}],"wp:attachment":[{"href":"https:\/\/www.sackvillesmiles.ca\/fr\/wp-json\/wp\/v2\/media?parent=2436"}],"curies":[{"name":"wp","href":"https:\/\/api.w.org\/{rel}","templated":true}]}}