{"id":2434,"date":"2016-03-26T17:51:36","date_gmt":"2016-03-26T17:51:36","guid":{"rendered":"https:\/\/www.smilesdentaldocs.ca\/dental-fillings"},"modified":"2019-03-14T15:34:05","modified_gmt":"2019-03-14T18:34:05","slug":"restauration","status":"publish","type":"page","link":"https:\/\/www.sackvillesmiles.ca\/fr\/restauration","title":{"rendered":"Restauration"},"content":{"rendered":"<p><div class=\"fusion-fullwidth fullwidth-box fusion-builder-row-1 nonhundred-percent-fullwidth non-hundred-percent-height-scrolling\" style=\"--awb-border-radius-top-left:0px;--awb-border-radius-top-right:0px;--awb-border-radius-bottom-right:0px;--awb-border-radius-bottom-left:0px;--awb-flex-wrap:wrap;\" ><div class=\"fusion-builder-row fusion-row\"><div class=\"fusion-layout-column fusion_builder_column fusion-builder-column-0 fusion_builder_column_1_1 1_1 fusion-one-full fusion-column-first fusion-column-last\" style=\"--awb-bg-size:cover;\"><div class=\"fusion-column-wrapper fusion-flex-column-wrapper-legacy\"><div class=\"fusion-text fusion-text-1\"><h2 data-fontsize=\"32\" data-lineheight=\"35\">Qu\u2019est-ce qu\u2019une restauration?<\/h2>\n<\/div><div class=\"fusion-text fusion-text-2\"><p>Une restauration est utilis\u00e9e pour r\u00e9tablir la fonction et la forme d\u2019une dent ab\u00eem\u00e9e par la carie. Il y a diff\u00e9rents mat\u00e9riaux qui servent \u00e0 remplir une dent. On peut choisir, entre autres, l\u2019or, la porcelaine, un amalgame ou encore une r\u00e9sine composite en plastique qui a la couleur de la dentition. L\u2019endroit o\u00f9 se trouve la dent, le co\u00fbt de la restauration, votre couverture d\u2019assurance et l\u2019avis du dentiste sont autant de facteurs retenus pour d\u00e9terminer la meilleure option pour vous.<\/p>\n<p>Si vous vous interrogez sur les mat\u00e9riaux de restauration qu\u2019utilise votre dentiste, ou vous \u00eates inquiet, parlez-en avec lui.<\/p>\n<p>Il pourra vous conseiller sur ceux qui vous conviendront le mieux, compte tenu de votre \u00e9tat particulier, et il peut vous informer des implications de chaque option sur le plan esth\u00e9tique et financier.<\/p>\n<p>Il va vous sugg\u00e9rer le mat\u00e9riau de restauration qui vous convient le mieux, mais c\u2019est \u00e0 vous que revient la d\u00e9cision.<\/p>\n<\/div><div class=\"fusion-builder-row fusion-builder-row-inner fusion-row\"><div class=\"fusion-layout-column fusion_builder_column_inner fusion-builder-nested-column-0 fusion_builder_column_inner_1_3 1_3 fusion-one-third fusion-column-first\" style=\"--awb-bg-size:cover;width:33.333333333333%;width:calc(33.333333333333% - ( ( 4% + 4% ) * 0.33333333333333 ) );margin-right: 4%;\"><div class=\"fusion-column-wrapper fusion-flex-column-wrapper-legacy\"><div class=\"fusion-image-element in-legacy-container\" style=\"--awb-caption-title-font-family:var(--h2_typography-font-family);--awb-caption-title-font-weight:var(--h2_typography-font-weight);--awb-caption-title-font-style:var(--h2_typography-font-style);--awb-caption-title-size:var(--h2_typography-font-size);--awb-caption-title-transform:var(--h2_typography-text-transform);--awb-caption-title-line-height:var(--h2_typography-line-height);--awb-caption-title-letter-spacing:var(--h2_typography-letter-spacing);\"><span class=\" fusion-imageframe imageframe-none imageframe-1 hover-type-none\"><img decoding=\"async\" width=\"5000\" height=\"3750\" title=\"3d rendered illustration of an amalgam filling\" src=\"https:\/\/www.sackvillesmiles.ca\/wp-content\/uploads\/2016\/03\/3d-rendered-illustration-of-an-amalgam-filling-e1548346276196.jpg\" alt class=\"img-responsive wp-image-3505\"\/><\/span><\/div><div class=\"fusion-clearfix\"><\/div><\/div><\/div><div class=\"fusion-layout-column fusion_builder_column_inner fusion-builder-nested-column-1 fusion_builder_column_inner_1_3 1_3 fusion-one-third\" style=\"--awb-bg-size:cover;width:33.333333333333%;width:calc(33.333333333333% - ( ( 4% + 4% ) * 0.33333333333333 ) );margin-right: 4%;\"><div class=\"fusion-column-wrapper fusion-flex-column-wrapper-legacy\"><div class=\"fusion-image-element fusion-image-align-center in-legacy-container\" style=\"text-align:center;--awb-caption-title-font-family:var(--h2_typography-font-family);--awb-caption-title-font-weight:var(--h2_typography-font-weight);--awb-caption-title-font-style:var(--h2_typography-font-style);--awb-caption-title-size:var(--h2_typography-font-size);--awb-caption-title-transform:var(--h2_typography-text-transform);--awb-caption-title-line-height:var(--h2_typography-line-height);--awb-caption-title-letter-spacing:var(--h2_typography-letter-spacing);\"><div class=\"imageframe-align-center\"><span class=\" fusion-imageframe imageframe-none imageframe-2 hover-type-none\"><img decoding=\"async\" width=\"333\" height=\"333\" title=\"white-filling-before\" src=\"https:\/\/www.sackvillesmiles.ca\/wp-content\/uploads\/2016\/05\/white-filling-before.png\" alt class=\"img-responsive wp-image-3537\" srcset=\"https:\/\/www.sackvillesmiles.ca\/wp-content\/uploads\/2016\/05\/white-filling-before-66x66.png 66w, https:\/\/www.sackvillesmiles.ca\/wp-content\/uploads\/2016\/05\/white-filling-before-150x150.png 150w, https:\/\/www.sackvillesmiles.ca\/wp-content\/uploads\/2016\/05\/white-filling-before-300x300.png 300w, https:\/\/www.sackvillesmiles.ca\/wp-content\/uploads\/2016\/05\/white-filling-before.png 333w\" sizes=\"(max-width: 333px) 100vw, 333px\" \/><\/span><\/div><\/div><div class=\"fusion-clearfix\"><\/div><\/div><\/div><div class=\"fusion-layout-column fusion_builder_column_inner fusion-builder-nested-column-2 fusion_builder_column_inner_1_3 1_3 fusion-one-third fusion-column-last\" style=\"--awb-bg-size:cover;width:33.333333333333%;width:calc(33.333333333333% - ( ( 4% + 4% ) * 0.33333333333333 ) );\"><div class=\"fusion-column-wrapper fusion-flex-column-wrapper-legacy\"><div class=\"fusion-image-element fusion-image-align-center in-legacy-container\" style=\"text-align:center;--awb-caption-title-font-family:var(--h2_typography-font-family);--awb-caption-title-font-weight:var(--h2_typography-font-weight);--awb-caption-title-font-style:var(--h2_typography-font-style);--awb-caption-title-size:var(--h2_typography-font-size);--awb-caption-title-transform:var(--h2_typography-text-transform);--awb-caption-title-line-height:var(--h2_typography-line-height);--awb-caption-title-letter-spacing:var(--h2_typography-letter-spacing);\"><div class=\"imageframe-align-center\"><span class=\" fusion-imageframe imageframe-none imageframe-3 hover-type-none\"><img decoding=\"async\" width=\"333\" height=\"333\" title=\"whitefillingafter\" src=\"https:\/\/www.sackvillesmiles.ca\/wp-content\/uploads\/2016\/05\/whitefillingafter.png\" alt class=\"img-responsive wp-image-3536\" srcset=\"https:\/\/www.sackvillesmiles.ca\/wp-content\/uploads\/2016\/05\/whitefillingafter-66x66.png 66w, https:\/\/www.sackvillesmiles.ca\/wp-content\/uploads\/2016\/05\/whitefillingafter-150x150.png 150w, https:\/\/www.sackvillesmiles.ca\/wp-content\/uploads\/2016\/05\/whitefillingafter-300x300.png 300w, https:\/\/www.sackvillesmiles.ca\/wp-content\/uploads\/2016\/05\/whitefillingafter.png 333w\" sizes=\"(max-width: 333px) 100vw, 333px\" \/><\/span><\/div><\/div><div class=\"fusion-clearfix\"><\/div><\/div><\/div><\/div><div class=\"fusion-text fusion-text-3\"><h2 data-fontsize=\"32\" data-lineheight=\"35\">Quelles sont les \u00e9tapes de la restauration?<\/h2>\n<p>Le dentiste fait d\u2019abord une anesth\u00e9sie locale pour engourdir la r\u00e9gion qui entoure la dent \u00e0 soigner. Il \u00e9limine la carie et nettoie la cavit\u00e9. Puis il proc\u00e8de \u00e0 remplir la dent avec le mat\u00e9riau choisi. Enfin, il sculpte la dent pour en am\u00e9liorer l\u2019apparence et assurer votre confort.<\/p>\n<p>Si vous voulez avoir plus d\u2019information sur les restaurations en composite:<br \/>\n<a href=\"https:\/\/www.sackvillesmiles.ca\/fr\/restauration-blanche\">En savoir plus sur les restaurations en composite<\/a>.<\/p>\n<h2 style=\"text-align: center;\"><\/h2>\n<\/div><div class=\"fusion-clearfix\"><\/div><\/div><\/div><\/div><\/div><div class=\"fusion-fullwidth fullwidth-box fusion-builder-row-2 nonhundred-percent-fullwidth non-hundred-percent-height-scrolling\" style=\"--awb-border-radius-top-left:0px;--awb-border-radius-top-right:0px;--awb-border-radius-bottom-right:0px;--awb-border-radius-bottom-left:0px;--awb-flex-wrap:wrap;\" ><div class=\"fusion-builder-row fusion-row\"><div class=\"fusion-layout-column fusion_builder_column fusion-builder-column-1 fusion_builder_column_1_1 1_1 fusion-one-full fusion-column-first fusion-column-last\" style=\"--awb-bg-size:cover;\"><div class=\"fusion-column-wrapper fusion-flex-column-wrapper-legacy\"><div class=\"fusion-text fusion-text-4 fusion-text-no-margin\" style=\"--awb-line-height:2.2;--awb-margin-bottom:15px;\"><h2 style=\"text-align: center;\">Appelez maintenant pour prendre rendez-vous!<\/h2>\n<h2 style=\"text-align: center;\"><a href=\"tel:506-536-3800\">(506) 536-3800<\/a><\/h2>\n<\/div><div class=\"fusion-button-wrapper fusion-aligncenter\"><a class=\"fusion-button button-flat button-medium button-default fusion-button-default button-1 fusion-button-default-span fusion-button-default-type\" target=\"_self\" href=\"https:\/\/www.sackvillesmiles.ca\/online-dental-appointment\"><i class=\"fa-calendar-alt fas awb-button__icon awb-button__icon--default button-icon-left\" aria-hidden=\"true\"><\/i><span class=\"fusion-button-text awb-button__text awb-button__text--default\">Planifiez votre rendez-vous<\/span><\/a><\/div><div class=\"fusion-clearfix\"><\/div><\/div><\/div>\n<\/div><\/div><\/p>\n","protected":false},"excerpt":{"rendered":"","protected":false},"author":4,"featured_media":0,"parent":0,"menu_order":0,"comment_status":"closed","ping_status":"closed","template":"","meta":{"footnotes":""},"class_list":["post-2434","page","type-page","status-publish","hentry"],"yoast_head":"<!-- This site is optimized with the Yoast SEO plugin v27.4 - https:\/\/yoast.com\/product\/yoast-seo-wordpress\/ -->\n<title>Restauration - Sackville Smiles Dental Clinic<\/title>\n<meta name=\"robots\" content=\"index, follow, max-snippet:-1, max-image-preview:large, max-video-preview:-1\" \/>\n<link rel=\"canonical\" href=\"https:\/\/www.sackvillesmiles.ca\/fr\/restauration\" \/>\n<meta property=\"og:locale\" content=\"fr_FR\" \/>\n<meta property=\"og:type\" content=\"article\" \/>\n<meta property=\"og:title\" content=\"Restauration - Sackville Smiles Dental Clinic\" \/>\n<meta property=\"og:url\" content=\"https:\/\/www.sackvillesmiles.ca\/fr\/restauration\" \/>\n<meta property=\"og:site_name\" content=\"Sackville Smiles Dental Clinic\" \/>\n<meta property=\"article:modified_time\" content=\"2019-03-14T18:34:05+00:00\" \/>\n<meta name=\"twitter:card\" content=\"summary_large_image\" \/>\n<meta name=\"twitter:label1\" content=\"Dur\u00e9e de lecture estim\u00e9e\" \/>\n\t<meta name=\"twitter:data1\" content=\"5 minutes\" \/>\n<script type=\"application\/ld+json\" class=\"yoast-schema-graph\">{\"@context\":\"https:\\\/\\\/schema.org\",\"@graph\":[{\"@type\":\"WebPage\",\"@id\":\"https:\\\/\\\/www.sackvillesmiles.ca\\\/fr\\\/restauration\",\"url\":\"https:\\\/\\\/www.sackvillesmiles.ca\\\/fr\\\/restauration\",\"name\":\"Restauration - Sackville Smiles Dental Clinic\",\"isPartOf\":{\"@id\":\"https:\\\/\\\/www.sackvillesmiles.ca\\\/#website\"},\"datePublished\":\"2016-03-26T17:51:36+00:00\",\"dateModified\":\"2019-03-14T18:34:05+00:00\",\"breadcrumb\":{\"@id\":\"https:\\\/\\\/www.sackvillesmiles.ca\\\/fr\\\/restauration#breadcrumb\"},\"inLanguage\":\"fr-FR\",\"potentialAction\":[{\"@type\":\"ReadAction\",\"target\":[\"https:\\\/\\\/www.sackvillesmiles.ca\\\/fr\\\/restauration\"]}]},{\"@type\":\"BreadcrumbList\",\"@id\":\"https:\\\/\\\/www.sackvillesmiles.ca\\\/fr\\\/restauration#breadcrumb\",\"itemListElement\":[{\"@type\":\"ListItem\",\"position\":1,\"name\":\"Home\",\"item\":\"https:\\\/\\\/www.sackvillesmiles.ca\\\/fr\\\/dentistes-bouctouche-clinique-dentaire-bouctouche\"},{\"@type\":\"ListItem\",\"position\":2,\"name\":\"Restauration\"}]},{\"@type\":\"WebSite\",\"@id\":\"https:\\\/\\\/www.sackvillesmiles.ca\\\/#website\",\"url\":\"https:\\\/\\\/www.sackvillesmiles.ca\\\/\",\"name\":\"Sackville Smiles Dental Clinic\",\"description\":\"\",\"publisher\":{\"@id\":\"https:\\\/\\\/www.sackvillesmiles.ca\\\/#organization\"},\"potentialAction\":[{\"@type\":\"SearchAction\",\"target\":{\"@type\":\"EntryPoint\",\"urlTemplate\":\"https:\\\/\\\/www.sackvillesmiles.ca\\\/?s={search_term_string}\"},\"query-input\":{\"@type\":\"PropertyValueSpecification\",\"valueRequired\":true,\"valueName\":\"search_term_string\"}}],\"inLanguage\":\"fr-FR\"},{\"@type\":\"Organization\",\"@id\":\"https:\\\/\\\/www.sackvillesmiles.ca\\\/#organization\",\"name\":\"Sackville Smiles\",\"url\":\"https:\\\/\\\/www.sackvillesmiles.ca\\\/\",\"logo\":{\"@type\":\"ImageObject\",\"inLanguage\":\"fr-FR\",\"@id\":\"https:\\\/\\\/www.sackvillesmiles.ca\\\/#\\\/schema\\\/logo\\\/image\\\/\",\"url\":\"https:\\\/\\\/www.sackvillesmiles.ca\\\/wp-content\\\/uploads\\\/2018\\\/01\\\/clinique-dentaire-bouctouche.png\",\"contentUrl\":\"https:\\\/\\\/www.sackvillesmiles.ca\\\/wp-content\\\/uploads\\\/2018\\\/01\\\/clinique-dentaire-bouctouche.png\",\"width\":464,\"height\":114,\"caption\":\"Sackville Smiles\"},\"image\":{\"@id\":\"https:\\\/\\\/www.sackvillesmiles.ca\\\/#\\\/schema\\\/logo\\\/image\\\/\"}}]}<\/script>\n<!-- \/ Yoast SEO plugin. -->","yoast_head_json":{"title":"Restauration - Sackville Smiles Dental Clinic","robots":{"index":"index","follow":"follow","max-snippet":"max-snippet:-1","max-image-preview":"max-image-preview:large","max-video-preview":"max-video-preview:-1"},"canonical":"https:\/\/www.sackvillesmiles.ca\/fr\/restauration","og_locale":"fr_FR","og_type":"article","og_title":"Restauration - Sackville Smiles Dental Clinic","og_url":"https:\/\/www.sackvillesmiles.ca\/fr\/restauration","og_site_name":"Sackville Smiles Dental Clinic","article_modified_time":"2019-03-14T18:34:05+00:00","twitter_card":"summary_large_image","twitter_misc":{"Dur\u00e9e de lecture estim\u00e9e":"5 minutes"},"schema":{"@context":"https:\/\/schema.org","@graph":[{"@type":"WebPage","@id":"https:\/\/www.sackvillesmiles.ca\/fr\/restauration","url":"https:\/\/www.sackvillesmiles.ca\/fr\/restauration","name":"Restauration - Sackville Smiles Dental Clinic","isPartOf":{"@id":"https:\/\/www.sackvillesmiles.ca\/#website"},"datePublished":"2016-03-26T17:51:36+00:00","dateModified":"2019-03-14T18:34:05+00:00","breadcrumb":{"@id":"https:\/\/www.sackvillesmiles.ca\/fr\/restauration#breadcrumb"},"inLanguage":"fr-FR","potentialAction":[{"@type":"ReadAction","target":["https:\/\/www.sackvillesmiles.ca\/fr\/restauration"]}]},{"@type":"BreadcrumbList","@id":"https:\/\/www.sackvillesmiles.ca\/fr\/restauration#breadcrumb","itemListElement":[{"@type":"ListItem","position":1,"name":"Home","item":"https:\/\/www.sackvillesmiles.ca\/fr\/dentistes-bouctouche-clinique-dentaire-bouctouche"},{"@type":"ListItem","position":2,"name":"Restauration"}]},{"@type":"WebSite","@id":"https:\/\/www.sackvillesmiles.ca\/#website","url":"https:\/\/www.sackvillesmiles.ca\/","name":"Sackville Smiles Dental Clinic","description":"","publisher":{"@id":"https:\/\/www.sackvillesmiles.ca\/#organization"},"potentialAction":[{"@type":"SearchAction","target":{"@type":"EntryPoint","urlTemplate":"https:\/\/www.sackvillesmiles.ca\/?s={search_term_string}"},"query-input":{"@type":"PropertyValueSpecification","valueRequired":true,"valueName":"search_term_string"}}],"inLanguage":"fr-FR"},{"@type":"Organization","@id":"https:\/\/www.sackvillesmiles.ca\/#organization","name":"Sackville Smiles","url":"https:\/\/www.sackvillesmiles.ca\/","logo":{"@type":"ImageObject","inLanguage":"fr-FR","@id":"https:\/\/www.sackvillesmiles.ca\/#\/schema\/logo\/image\/","url":"https:\/\/www.sackvillesmiles.ca\/wp-content\/uploads\/2018\/01\/clinique-dentaire-bouctouche.png","contentUrl":"https:\/\/www.sackvillesmiles.ca\/wp-content\/uploads\/2018\/01\/clinique-dentaire-bouctouche.png","width":464,"height":114,"caption":"Sackville Smiles"},"image":{"@id":"https:\/\/www.sackvillesmiles.ca\/#\/schema\/logo\/image\/"}}]}},"_links":{"self":[{"href":"https:\/\/www.sackvillesmiles.ca\/fr\/wp-json\/wp\/v2\/pages\/2434","targetHints":{"allow":["GET"]}}],"collection":[{"href":"https:\/\/www.sackvillesmiles.ca\/fr\/wp-json\/wp\/v2\/pages"}],"about":[{"href":"https:\/\/www.sackvillesmiles.ca\/fr\/wp-json\/wp\/v2\/types\/page"}],"author":[{"embeddable":true,"href":"https:\/\/www.sackvillesmiles.ca\/fr\/wp-json\/wp\/v2\/users\/4"}],"replies":[{"embeddable":true,"href":"https:\/\/www.sackvillesmiles.ca\/fr\/wp-json\/wp\/v2\/comments?post=2434"}],"version-history":[{"count":5,"href":"https:\/\/www.sackvillesmiles.ca\/fr\/wp-json\/wp\/v2\/pages\/2434\/revisions"}],"predecessor-version":[{"id":6201,"href":"https:\/\/www.sackvillesmiles.ca\/fr\/wp-json\/wp\/v2\/pages\/2434\/revisions\/6201"}],"wp:attachment":[{"href":"https:\/\/www.sackvillesmiles.ca\/fr\/wp-json\/wp\/v2\/media?parent=2434"}],"curies":[{"name":"wp","href":"https:\/\/api.w.org\/{rel}","templated":true}]}}